{"id":922,"date":"2024-07-15T19:18:19","date_gmt":"2024-07-15T19:18:19","guid":{"rendered":"https:\/\/appmes.rs\/?page_id=922"},"modified":"2025-02-14T14:15:52","modified_gmt":"2025-02-14T14:15:52","slug":"music-information-center","status":"publish","type":"page","link":"https:\/\/appmes.rs\/index.php\/music-information-center\/","title":{"rendered":"Music Information Center"},"content":{"rendered":"\n<p>Youtube channel <strong><a href=\"https:\/\/www.youtube.com\/@SerbianComposers\/videos\" target=\"_blank\" rel=\"noreferrer noopener\">Serbian Composers<\/a><\/strong> curated by the founders of the eponymous Association, musicologists Bojana Radovanovi\u0107, Milo\u0161 Bralovi\u0107, Stefan Savi\u0107 and Ana \u0110or\u0111evi\u0107.<\/p>\n\n\n\n<p>Instagram page <strong><a href=\"https:\/\/www.instagram.com\/srpski_kompozitori\/?hl=en\" target=\"_blank\" rel=\"noreferrer noopener\">Srpski kompozitori (Serbian Composers)<\/a><\/strong> curated by the founders of the eponymous Association, musicologists Bojana Radovanovi\u0107, Milo\u0161 Bralovi\u0107, Stefan Savi\u0107 and Ana \u0110or\u0111evi\u0107.<\/p>\n\n\n\n<p>Lexicon <a href=\"https:\/\/appmes.rs\/index.php\/serbian-art-music-in-the-diaspora\/\" data-type=\"page\" data-id=\"5330\"><strong>Serbian Art Music in the Diaspora<\/strong><\/a>, prepared by musicologist Ivana Medi\u0107.<\/p>\n\n\n\n<p><\/p>\n","protected":false},"excerpt":{"rendered":"<p>Youtube channel Serbian Composers curated by the founders of the eponymous Association, musicologists Bojana Radovanovi\u0107, Milo\u0161 Bralovi\u0107, Stefan Savi\u0107 and Ana \u0110or\u0111evi\u0107. Instagram page Srpski kompozitori (Serbian Composers) curated by the founders of the eponymous Association, musicologists Bojana Radovanovi\u0107, Milo\u0161 Bralovi\u0107, Stefan Savi\u0107 and Ana \u0110or\u0111evi\u0107. Lexicon Serbian Art Music in the Diaspora, prepared by [&hellip;]<\/p>\n","protected":false},"author":1,"featured_media":0,"parent":0,"menu_order":0,"comment_status":"closed","ping_status":"closed","template":"","meta":{"ngg_post_thumbnail":0,"footnotes":""},"class_list":["post-922","page","type-page","status-publish","hentry"],"_links":{"self":[{"href":"https:\/\/appmes.rs\/index.php\/wp-json\/wp\/v2\/pages\/922","targetHints":{"allow":["GET"]}}],"collection":[{"href":"https:\/\/appmes.rs\/index.php\/wp-json\/wp\/v2\/pages"}],"about":[{"href":"https:\/\/appmes.rs\/index.php\/wp-json\/wp\/v2\/types\/page"}],"author":[{"embeddable":true,"href":"https:\/\/appmes.rs\/index.php\/wp-json\/wp\/v2\/users\/1"}],"replies":[{"embeddable":true,"href":"https:\/\/appmes.rs\/index.php\/wp-json\/wp\/v2\/comments?post=922"}],"version-history":[{"count":4,"href":"https:\/\/appmes.rs\/index.php\/wp-json\/wp\/v2\/pages\/922\/revisions"}],"predecessor-version":[{"id":5336,"href":"https:\/\/appmes.rs\/index.php\/wp-json\/wp\/v2\/pages\/922\/revisions\/5336"}],"wp:attachment":[{"href":"https:\/\/appmes.rs\/index.php\/wp-json\/wp\/v2\/media?parent=922"}],"curies":[{"name":"wp","href":"https:\/\/api.w.org\/{rel}","templated":true}]}}