{"id":837,"date":"2024-06-06T19:30:07","date_gmt":"2024-06-06T19:30:07","guid":{"rendered":"https:\/\/appmes.rs\/?page_id=837"},"modified":"2024-07-15T19:23:38","modified_gmt":"2024-07-15T19:23:38","slug":"moving-music-and-dance","status":"publish","type":"page","link":"https:\/\/appmes.rs\/index.php\/moving-music-and-dance\/","title":{"rendered":"Moving Music and Dance"},"content":{"rendered":"\n<h2 class=\"wp-block-heading\">Muzika i ples u pokretu<\/h2>\n\n\n\n<h4 class=\"wp-block-heading\">Museum of African Art, 23 June 2023 &#8211; Muzej afri\u010dke umetnosti, 23. jun 2023.<\/h4>\n\n\n\n<p><\/p>\n\n\n\n<p>Video: <strong>APPMES4_MPP_23_6_23_VS_01<\/strong><\/p>\n\n\n\n<p>Audio: <strong>APPMES4_MPP_23_6_23_A_01<\/strong><\/p>\n\n\n\n<p>Numera: <strong>Hora nkwinginge<\/strong><\/p>\n\n\n\n<p>Lokacija snimanja:&nbsp; Muzej afri\u010dke umetnosti, Andre Nikoli\u0107a 14, Beograd<\/p>\n\n\n\n<p>Datum snimanja:&nbsp; 23. 06. 2023.<\/p>\n\n\n\n<p>Snimatelji:&nbsp; Marija Dumni\u0107 Vilotijevi\u0107, Marija Maglov, Milo\u0161 Marinkovi\u0107, Vanja Grbovi\u0107<\/p>\n\n\n\n<p>Arhivator:&nbsp; Vanja Grbovi\u0107<\/p>\n\n\n\n<p>Izvo\u0111a\u010di:&nbsp; Imelde Ndamukanayo<\/p>\n\n\n\n<p>Trajanje:&nbsp; 00:02:32<\/p>\n\n\n\n<p>\u017danr: Uspavanka iz Burundija<\/p>\n\n\n\n<p>Instrumenti \/<\/p>\n\n\n\n<p>Kratak opis sadr\u017eaja:&nbsp; Uspavanka iz Burundija, pevana na kirundi jeziku. Dok polako nji\u0161e dete, majka mu kroz strofe govori kako \u0107e ga \u010duvati od sunca i dati mu sve. Istovremeno, zahval\u0458uje se Bogu \u0161to nije sama, po\u0161to je roditel\u0458.<\/p>\n\n\n\n<p>Komentari: \/<\/p>\n\n\n\n<p>Povezani materijal:&nbsp; APPMES4_MPP_23_6_23_A_01, APPMES4_MPP_23_6_23_VZ_01, APPMES4_MPP_23_6_23_P_01_01, APPMES4_MPP_23_6_23_P_01_02, APPMES4_MPP_23_6_23_P_01_03, APPMES4_MPP_23_6_23_P_01_04<\/p>\n\n\n\n<figure class=\"wp-block-audio\"><audio controls src=\"https:\/\/appmes.rs\/wp-content\/uploads\/2024\/06\/APPMES4_MPP_23_6_23_A_01.mp3\"><\/audio><\/figure>\n\n\n\n<p><\/p>\n\n\n\n<p>Video: <strong>APPMES4_MPP_23_6_23_VS_02<\/strong><\/p>\n\n\n\n<p>Audio. <strong>APPMES4_MPP_23_6_23_A_02<\/strong><\/p>\n\n\n\n<p>Numera: <strong>Eshururu<\/strong><\/p>\n\n\n\n<p>Lokacija snimanja:&nbsp; Muzej afri\u010dke umetnosti, Andre Nikoli\u0107a 14, Beograd<\/p>\n\n\n\n<p>Datum snimanja:&nbsp; 23. 06. 2023.<\/p>\n\n\n\n<p>Snimatelji:&nbsp; Marija Dumni\u0107 Vilotijevi\u0107, Marija Maglov, Milo\u0161 Marinkovi\u0107, Vanja Grbovi\u0107<\/p>\n\n\n\n<p>Arhivator:&nbsp; Vanja Grbovi\u0107<\/p>\n\n\n\n<p>Izvo\u0111a\u010di:&nbsp; Saray Temesgan<\/p>\n\n\n\n<p>Trajanje:&nbsp; 00:01:03<\/p>\n\n\n\n<p>\u017danr: Uspavanka iz Etopije<\/p>\n\n\n\n<p>Instrumenti \/<\/p>\n\n\n\n<p>Kratak opis sadr\u017eaja:&nbsp; Uspavanka iz Etiopije, koja se peva me\u0111u Amharcima. U laganom tempu, parnom metroritmu i jednostavnoj trozvu\u010dnoj melodici, pesmom majka govori detetu da se uspava i da svi uku\u0107ani spavaju.<\/p>\n\n\n\n<p>Komentari: \/<\/p>\n\n\n\n<p>Povezani materijal:&nbsp; APPMES4_MPP_23_6_23_A_02, APPMES4_MPP_23_6_23_VZ_02, APPMES4_MPP_23_6_23_P_01_01, APPMES4_MPP_23_6_23_P_02_02, APPMES4_MPP_23_6_23_P_03_03<\/p>\n\n\n\n<figure class=\"wp-block-audio\"><audio controls src=\"https:\/\/appmes.rs\/wp-content\/uploads\/2024\/06\/APPMES4_MPP_23_6_23_A_02.mp3\"><\/audio><\/figure>\n\n\n\n<p><\/p>\n\n\n\n<p>Video: <strong>APPMES4_MPP_23_6_23_VS_03<\/strong><\/p>\n\n\n\n<p>Audio. <strong>APPMES4_MPP_23_6_23_A_03<\/strong><\/p>\n\n\n\n<p>Numera: <strong>Sinzokwibagira<\/strong><\/p>\n\n\n\n<p>Lokacija snimanja:&nbsp; Muzej afri\u010dke umetnosti, Andre Nikoli\u0107a 14, Beograd<\/p>\n\n\n\n<p>Datum snimanja:&nbsp; 23. 06. 2023.<\/p>\n\n\n\n<p>Snimatelji:&nbsp; Marija Dumni\u0107 Vilotijevi\u0107, Marija Maglov, Milo\u0161 Marinkovi\u0107, Vanja Grbovi\u0107<\/p>\n\n\n\n<p>Arhivator:&nbsp; Vanja Grbovi\u0107<\/p>\n\n\n\n<p>Izvo\u0111a\u010di:&nbsp; Marcelin Iginarezayo<\/p>\n\n\n\n<p>Trajanje:&nbsp; 00:02:27<\/p>\n\n\n\n<p>\u017danr: Ljubavna pesma<\/p>\n\n\n\n<p>Instrumenti \/<\/p>\n\n\n\n<p>Kratak opis sadr\u017eaja:&nbsp; Tu\u017ena l\u0458ubavna pesma iz Burundija (na kirundiju) novijeg porekla (originalnu verziju izveo je Jean-Christophe Matata). U njoj se mu\u0161karac \u010de\u017el\u0458ivo prise\u0107a nekada\u0161nje l\u0458ubavi i govori \u017eeni kako ne mo\u017ee da je zaboravi.<\/p>\n\n\n\n<p>Komentari: \/<\/p>\n\n\n\n<p>Povezani materijal:&nbsp; APPMES4_MPP_23_6_23_A_03, APPMES4_MPP_23_6_23_VZ_03, APPMES4_MPP_23_6_23_P_03_01, APPMES4_MPP_23_6_23_P_03_02, APPMES4_MPP_23_6_23_P_03_03<\/p>\n\n\n\n<figure class=\"wp-block-audio\"><audio controls src=\"https:\/\/appmes.rs\/wp-content\/uploads\/2024\/06\/APPMES4_MPP_23_6_23_A_03.mp3\"><\/audio><\/figure>\n\n\n\n<p><\/p>\n\n\n\n<p>Video: <strong>APPMES4_MPP_23_6_23_VS_04<\/strong><\/p>\n\n\n\n<p>Audio. <strong>APPMES4_MPP_23_6_23_A_04<\/strong><\/p>\n\n\n\n<p>Numera: <strong>Burundian drumming<\/strong><\/p>\n\n\n\n<p>Lokacija snimanja:&nbsp; Muzej afri\u010dke umetnosti, Andre Nikoli\u0107a 14, Beograd<\/p>\n\n\n\n<p>Datum snimanja:&nbsp; 23. 06. 2023.<\/p>\n\n\n\n<p>Snimatelji:&nbsp; Marija Dumni\u0107 Vilotijevi\u0107, Marija Maglov, Milo\u0161 Marinkovi\u0107, Vanja Grbovi\u0107<\/p>\n\n\n\n<p>Arhivator:&nbsp; Vanja Grbovi\u0107<\/p>\n\n\n\n<p>Izvo\u0111a\u010di:&nbsp; Marcelin Iginarezayo i Jean Claude Simdaharaye<\/p>\n\n\n\n<p>Trajanje:&nbsp; 00:01:45<\/p>\n\n\n\n<p>\u017danr: Ritaulni ples uz pratnju bubnjeva<\/p>\n\n\n\n<p>Instrumenti: \u0111embe, bongosi<\/p>\n\n\n\n<p>Kratak opis sadr\u017eaja:&nbsp; Ritualni ples uz kral\u0458evsko bubnjanje (Umurisho w\u2019\u00edngoma) deo je UNESKO svetskog nematerijalnog kulturnog nasle\u0111a. U tradicionalnoj kulturi Burundija bubnjevi se proizvode i ukra\u0161avaju u posebnim radionicama, a sviraju ih iskl\u0458u\u010divo mu\u0161karci dvema palicama \u2013 instrument predstavl\u0458a telo \u017eene. Grupa mu\u0161karaca u polukrugu podel\u0458ena je tako da sinhronizovano svira jednostavan i slo\u017eeniji obrazac, dok svira\u010d i plesa\u010d koji stoji ispred njih svira najkomlikovanije fraze. Na njima se svira prilikom razli\u010ditih sve\u010danosti. Izvedena instrumentalna numera izvedena je u duhu tradicionalne \u2013 iz objektivnih razloga nedostaje tre\u0107a deonica i zvukovi instrumenata nisu istog tembra.<\/p>\n\n\n\n<p>Komentari: \/<\/p>\n\n\n\n<p>Povezani materijal:&nbsp; APPMES4_MPP_23_6_23_A_04, APPMES4_MPP_23_6_23_VZ_04, APPMES4_MPP_23_6_23_P_04_01, APPMES4_MPP_23_6_23_P_04_02, APPMES4_MPP_23_6_23_P_04_03, APPMES4_MPP_23_6_23_P_04_04<\/p>\n\n\n\n<figure class=\"wp-block-audio\"><audio controls src=\"https:\/\/appmes.rs\/wp-content\/uploads\/2024\/06\/APPMES4_MPP_23_6_23_A_04.mp3\"><\/audio><\/figure>\n\n\n\n<p><\/p>\n\n\n\n<p>Video: <strong>APPMES4_MPP_23_6_23_VS_05<\/strong><\/p>\n\n\n\n<p>Audio. <strong>APPMES4_MPP_23_6_23_A_05<\/strong><\/p>\n\n\n\n<p>Numera: <strong>Ngoma ya Ruhinda<\/strong><\/p>\n\n\n\n<p>Lokacija snimanja:&nbsp; Muzej afri\u010dke umetnosti, Andre Nikoli\u0107a 14, Beograd<\/p>\n\n\n\n<p>Datum snimanja:&nbsp; 23. 06. 2023.<\/p>\n\n\n\n<p>Snimatelji:&nbsp; Marija Dumni\u0107 Vilotijevi\u0107, Marija Maglov, Milo\u0161 Marinkovi\u0107, Vanja Grbovi\u0107<\/p>\n\n\n\n<p>Arhivator:&nbsp; Vanja Grbovi\u0107<\/p>\n\n\n\n<p>Izvo\u0111a\u010di:&nbsp; Imelde Ndamukanayo uz pratnju grupe na perkusijama<\/p>\n\n\n\n<p>Trajanje:&nbsp; 00:03:54<\/p>\n\n\n\n<p>\u017danr: Svadbena pesma<\/p>\n\n\n\n<p>Instrumenti:&nbsp;<\/p>\n\n\n\n<p>Kratak opis sadr\u017eaja:&nbsp; Pesma na kirundiju o tradicionalnoj svadbi u Burundiju \u2013 Vladavina kral\u0458a Ruinde. U zajedni\u010dki pevanom refrenu se pominje ptica koja je svila gnezdo na terasi, a nakon \u0161to je oluja je uni\u0161tila gnezdo, ona se pita gde da se smesti. Devojka planira \u0161ta \u0107e sve da ponese kod budu\u0107eg supruga i nabraja: : kupi\u0107e ki\u0161obran \u2013 njena kuma \u0107e joj dr\u017eati otvoren ki\u0161obran (bez obzira na to da li pada ki\u0161a), kupi\u0107e metalne kai\u0161eve od metala, kupi\u0107e ul\u0458a koja \u0107e stavl\u0458ati na svoje lice, kupi\u0107e nanogice. Kad potro\u0161i novac, a nije zavr\u0161ila kupovinu, po\u010dinje da pla\u010de i doziva svoju majku, pa joj ka\u017ee da ne vidi gde ide i \u010dija \u0107e postati \u017eena. Moli je da ka\u017ee ocu da joj dozvoli da ostane kod ku\u0107e, a majka odgovara da mora da ode, jer su potro\u0161ili miraz. Obra\u0107a se bratu kog mnogo voli da se oprosti od njega \u2013 preporu\u010duje mu da \u010duva sve u porodici, jer ona odlazi, i ka\u017ee mu da je s vremena na vreme poseti, jer \u0107e biti usaml\u0458ena. Po\u0161to je videla da njeni roditel\u0458i \u017eele da ona ode, pozdravl\u0458a se s ocem i opra\u0161ta se sa sestrom Kigeme. Nada se da \u0107e lepo \u017eiveti tamo gde ide.<\/p>\n\n\n\n<p>Komentari: \/<\/p>\n\n\n\n<p>Povezani materijal:&nbsp; APPMES4_MPP_23_6_23_A_05, APPMES4_MPP_23_6_23_VZ_05, APPMES4_MPP_23_6_23_P_05_01, APPMES4_MPP_23_6_23_P_05_02<\/p>\n\n\n\n<figure class=\"wp-block-audio\"><audio controls src=\"https:\/\/appmes.rs\/wp-content\/uploads\/2024\/06\/APPMES4_MPP_23_6_23_A_05.mp3\"><\/audio><\/figure>\n\n\n\n<p><\/p>\n\n\n\n<p>Video: <strong>APPMES4_MPP_23_6_23_VS_06<\/strong><\/p>\n\n\n\n<p>Audio. <strong>APPMES4_MPP_23_6_23_A_06<\/strong><\/p>\n\n\n\n<p>Numera: <strong>Inkingi negamiye<\/strong><\/p>\n\n\n\n<p>Lokacija snimanja:&nbsp; Muzej afri\u010dke umetnosti, Andre Nikoli\u0107a 14, Beograd<\/p>\n\n\n\n<p>Datum snimanja:&nbsp; 23. 06. 2023.<\/p>\n\n\n\n<p>Snimatelji:\u00a0 Marija Dumni\u0107 Vilotijevi\u0107, Marija Maglov, Milo\u0161 Marinkovi\u0107, Vanja Grbovi\u0107<\/p>\n\n\n\n<p>Arhivator:&nbsp; Vanja Grbovi\u0107<\/p>\n\n\n\n<p>Izvo\u0111a\u010di:&nbsp; Marcelin Iginarezayo uz pratnju grupe<\/p>\n\n\n\n<p>Trajanje:&nbsp; 00:02:57<\/p>\n\n\n\n<p>\u017danr: Gospel<\/p>\n\n\n\n<p>Instrumenti:&nbsp;<\/p>\n\n\n\n<p>Kratak opis sadr\u017eaja:&nbsp; Solisti\u010dki izveden gospel na kirundiju (s povremenom ritmi\u010dkom pratnjom i prate\u0107im glasom) govori o Bogu kao najve\u0107oj l\u0458ubavi, spasiocu i uto\u010di\u0161tu za svakoga.<\/p>\n\n\n\n<p>Komentari: \/<\/p>\n\n\n\n<p>Povezani materijal:&nbsp; APPMES4_MPP_23_6_23_A_06, APPMES4_MPP_23_6_23_VZ_06<\/p>\n\n\n\n<figure class=\"wp-block-audio\"><audio controls src=\"https:\/\/appmes.rs\/wp-content\/uploads\/2024\/06\/APPMES4_MPP_23_6_23_A_06.mp3\"><\/audio><\/figure>\n\n\n\n<p><\/p>\n\n\n\n<p>Video: <strong>APPMES4_MPP_23_6_23_VS_07<\/strong><\/p>\n\n\n\n<p>Audio: <strong>APPMES4_MPP_23_6_23_A_07<\/strong><\/p>\n\n\n\n<p>Numera: <strong>Percussions improvisation\u00a0<\/strong><\/p>\n\n\n\n<p>Lokacija snimanja:&nbsp; Muzej afri\u010dke umetnosti, Andre Nikoli\u0107a 14, Beograd<\/p>\n\n\n\n<p>Datum snimanja:&nbsp; 23. 06. 2023.<\/p>\n\n\n\n<p>Snimatelji:\u00a0 Marija Dumni\u0107 Vilotijevi\u0107, Marija Maglov, Milo\u0161 Marinkovi\u0107, Vanja Grbovi\u0107<\/p>\n\n\n\n<p>Arhivator:&nbsp; Vanja Grbovi\u0107<\/p>\n\n\n\n<p>Izvo\u0111a\u010di:&nbsp; grupa \u201eSounds of East Africa\u201d<\/p>\n\n\n\n<p>Trajanje:&nbsp; 00:02:04<\/p>\n\n\n\n<p>\u017danr:&nbsp;<\/p>\n\n\n\n<p>Instrumenti \u0111embe, bongosi, daire, palice<\/p>\n\n\n\n<p>Kratak opis sadr\u017eaja:&nbsp; Tokom istra\u017eiva\u010dkih radionica o muzici i plesu, muzi\u010dari su dobili priliku da koriste dostupne membranofone udara\u010dke instrumente. U svojoj improvizaciji oni prate vo\u0111u koji zadaje parni metroritmi\u010dki obrazac \u010dijeg se tempa pridr\u017eavaju, i me\u0111usobno se slu\u0161aju\u0107i, nastoje da komuniciraju sviranjem isti\u010du\u0107i se u pojedinim momentima. Koriste i daire, koje u tradicionalnim etiopskim kulturama sviraju \u017eene.<\/p>\n\n\n\n<p>Komentari: \/<\/p>\n\n\n\n<p>Povezani materijal:&nbsp; APPMES4_MPP_23_6_23_A_07, APPMES4_MPP_23_6_23_VZ_07, APPMES4_MPP_23_6_23_P_07_01<\/p>\n\n\n\n<figure class=\"wp-block-audio\"><audio controls src=\"https:\/\/appmes.rs\/wp-content\/uploads\/2024\/06\/APPMES4_MPP_23_6_23_A_07.mp3\"><\/audio><\/figure>\n\n\n\n<p><\/p>\n\n\n\n<p>Video: <strong>APPMES4_MPP_23_6_23_VS_08<\/strong><\/p>\n\n\n\n<p>Audio: <strong>APPMES4_MPP_23_6_23_A_08<\/strong><\/p>\n\n\n\n<p>Numera: <strong>Ume tukuka<\/strong><\/p>\n\n\n\n<p>Lokacija snimanja:&nbsp; Muzej afri\u010dke umetnosti, Andre Nikoli\u0107a 14, Beograd<\/p>\n\n\n\n<p>Datum snimanja:&nbsp; 23. 06. 2023.<\/p>\n\n\n\n<p>Snimatelji:\u00a0 Marija Dumni\u0107 Vilotijevi\u0107, Marija Maglov, Milo\u0161 Marinkovi\u0107, Vanja Grbovi\u0107<\/p>\n\n\n\n<p>Arhivator:&nbsp; Vanja Grbovi\u0107<\/p>\n\n\n\n<p>Izvo\u0111a\u010d:&nbsp; Jean Claude Simdaharaye<\/p>\n\n\n\n<p>Trajanje:&nbsp; 00:04:14<\/p>\n\n\n\n<p>\u017danr: Gospel<\/p>\n\n\n\n<p>Instrumenti \/<\/p>\n\n\n\n<p>Kratak opis sadr\u017eaja:&nbsp; U gospelu na kirundiju i svahiliju (solisti\u010dki izvedenom uz pratnju sniml\u0458enih elektronskih instrumenata) veli\u010da se svemogu\u0107i Bog. Izvo\u0111a\u010d pokazuje deo svojih rasko\u0161nih vokalnih sposobnosti u slo\u017eenoj melodici.<\/p>\n\n\n\n<p>Komentari: \/<\/p>\n\n\n\n<p>Povezani materijal:&nbsp; APPMES4_MPP_23_6_23_A_08, APPMES4_MPP_23_6_23_VZ_08, APPMES4_MPP_23_6_23_P_08_01, APPMES4_MPP_23_6_23_P_08_02, APPMES4_MPP_23_6_23_P_08_03, APPMES4_MPP_23_6_23_P_08_04<\/p>\n\n\n\n<figure class=\"wp-block-audio\"><audio controls src=\"https:\/\/appmes.rs\/wp-content\/uploads\/2024\/06\/APPMES4_MPP_23_6_23_A_08.mp3\"><\/audio><\/figure>\n\n\n\n<p><\/p>\n\n\n\n<p>Video: <strong>APPMES4_MPP_23_6_23_VS_09<\/strong><\/p>\n\n\n\n<p>Audio: <strong>APPMES4_MPP_23_6_23_A_09<\/strong><\/p>\n\n\n\n<p>Numera: <strong>Turajana<\/strong><\/p>\n\n\n\n<p>Lokacija snimanja:&nbsp; Muzej afri\u010dke umetnosti, Andre Nikoli\u0107a 14, Beograd<\/p>\n\n\n\n<p>Datum snimanja:&nbsp; 23. 06. 2023.<\/p>\n\n\n\n<p>Snimatelji:&nbsp; Marija Dumni\u0107 Vilotijevi\u0107, Marija Maglov, Milo\u0161 Marinkovi\u0107, Vanja Grbovi\u0107, Milo\u0161 Bralovi\u0107<\/p>\n\n\n\n<p>Arhivator:&nbsp; Vanja Grbovi\u0107<\/p>\n\n\n\n<p>Izvo\u0111a\u010d:&nbsp; Sheilla Keza i Jean Claude Simdaharaye<\/p>\n\n\n\n<p>Trajanje:&nbsp; 00:03:15<\/p>\n\n\n\n<p>\u017danr: Ljubavna pesma<\/p>\n\n\n\n<p>Instrumenti \/<\/p>\n\n\n\n<p>Kratak opis sadr\u017eaja:&nbsp; Popularna l\u0458ubavna pesma na kirundiju, koja je izvedena u me\u0161ovitom duetu uz pratnju sniml\u0458enih elektronskih instrumenata (objavili su je Alvin Smith i Bwiza, 2022). Govori o l\u0458ubavi izme\u0111u mu\u0161karca iz Burundija i \u017eene iz Ruande. On je poziva da ne komplikuje i da po\u010dne s njim \u017eivot u Burundiju, a ona mu odgovara da \u0107e pratiti njegov put.<\/p>\n\n\n\n<p>Komentari: \/<\/p>\n\n\n\n<p>Povezani materijal:&nbsp; APPMES4_MPP_23_6_23_VZ_09, APPMES4_MPP_23_6_23_A_09, APPMES4_MPP_23_6_23_P_09_01, APPMES4_MPP_23_6_23_P_09_02, APPMES4_MPP_23_6_23_P_09_03, APPMES4_MPP_23_6_23_P_09_04, APPMES4_MPP_23_6_23_P_09_05, APPMES4_MPP_23_6_23_P_09_06<\/p>\n\n\n\n<figure class=\"wp-block-audio\"><audio controls src=\"https:\/\/appmes.rs\/wp-content\/uploads\/2024\/06\/APPMES4_MPP_23_6_23_A_09.mp3\"><\/audio><\/figure>\n\n\n\n<p><\/p>\n\n\n\n<p>Video: <strong>APPMES4_MPP_23_6_23_VS_10<\/strong><\/p>\n\n\n\n<p>Audio: <strong>APPMES4_MPP_23_6_23_A_10<\/strong><\/p>\n\n\n\n<p>Numera: <strong>Love for Africa\u00a0<\/strong><\/p>\n\n\n\n<p>Lokacija snimanja:&nbsp; Muzej afri\u010dke umetnosti, Andre Nikoli\u0107a 14, Beograd<\/p>\n\n\n\n<p>Datum snimanja:&nbsp; 23. 06. 2023.<\/p>\n\n\n\n<p>Snimatelji:\u00a0 Marija Dumni\u0107 Vilotijevi\u0107, Marija Maglov, Milo\u0161 Marinkovi\u0107, Vanja Grbovi\u0107<\/p>\n\n\n\n<p>Arhivator:&nbsp; Vanja Grbovi\u0107<\/p>\n\n\n\n<p>Izvo\u0111a\u010d:&nbsp; \u201eNG Kids\u201d (Heroique Irakoze, Yan Don Mike Ndamukanayo, Tomy Thibaut Ndamukanayo)<\/p>\n\n\n\n<p>Trajanje:&nbsp; 00:05:13<\/p>\n\n\n\n<p>\u017danr: Ples<\/p>\n\n\n\n<p>Instrumenti \/<\/p>\n\n\n\n<p>Kratak opis sadr\u017eaja:&nbsp; U koreografiji koja virtuozno kombinuje elemente sinhronizovanog plesa i nadigravanja muzi\u010dku osnovu \u010dine savremene afrobeat numere razli\u010ditih izvo\u0111a\u010da (Chamber \u2013 Ariel Wayz, Unavailable \u2013 Davido, Morning Stress \u2013 Djay, You Dey Feel the Vibe \u2013 FRA, Butamu \u2013 DJ Renaldo ft. Mobeti, Sability \u2013 Ayra).<\/p>\n\n\n\n<p>Komentari: \/<\/p>\n\n\n\n<p>Povezani materijal:\u00a0 APPMES4_MPP_23_6_23_VZ_10, APPMES4_MPP_23_6_23_A_10, APPMES4_MPP_23_6_23_P_10_01, APPMES4_MPP_23_6_23_P_10_02, APPMES4_MPP_23_6_23_P_10_03, APPMES4_MPP_23_6_23_P_10_04, APPMES4_MPP_23_6_23_P_10_05, APPMES4_MPP_23_6_23_P_10_06, APPMES4_MPP_23_6_23_P_10_07, APPMES4_MPP_23_6_23_P_10_08, APPMES4_MPP_23_6_23_P_10_09, APPMES4_MPP_23_6_23_P_10_10, APPMES4_MPP_23_6_23_P_10_11, APPMES4_MPP_23_6_23_P_10_12, APPMES4_MPP_23_6_23_P_10_13, APPMES4_MPP_23_6_23_P_10_14, APPMES4_MPP_23_6_23_P_10_15, APPMES4_MPP_23_6_23_P_10_16, APPMES4_MPP_23_6_23_P_10_17, APPMES4_MPP_23_6_23_P_10_18, APPMES4_MPP_23_6_23_P_10_19, APPMES4_MPP_23_6_23_P_10_20<\/p>\n\n\n\n<figure class=\"wp-block-audio\"><audio controls src=\"https:\/\/appmes.rs\/wp-content\/uploads\/2024\/06\/APPMES4_MPP_23_6_23_A_10.mp3\"><\/audio><\/figure>\n\n\n\n<p><\/p>\n","protected":false},"excerpt":{"rendered":"<p>Muzika i ples u pokretu Museum of African Art, 23 June 2023 &#8211; Muzej afri\u010dke umetnosti, 23. jun 2023. Video: APPMES4_MPP_23_6_23_VS_01 Audio: APPMES4_MPP_23_6_23_A_01 Numera: Hora nkwinginge Lokacija snimanja:&nbsp; Muzej afri\u010dke umetnosti, Andre Nikoli\u0107a 14, Beograd Datum snimanja:&nbsp; 23. 06. 2023. Snimatelji:&nbsp; Marija Dumni\u0107 Vilotijevi\u0107, Marija Maglov, Milo\u0161 Marinkovi\u0107, Vanja Grbovi\u0107 Arhivator:&nbsp; Vanja Grbovi\u0107 Izvo\u0111a\u010di:&nbsp; Imelde [&hellip;]<\/p>\n","protected":false},"author":1,"featured_media":0,"parent":0,"menu_order":0,"comment_status":"closed","ping_status":"closed","template":"","meta":{"ngg_post_thumbnail":0,"footnotes":""},"class_list":["post-837","page","type-page","status-publish","hentry"],"_links":{"self":[{"href":"https:\/\/appmes.rs\/index.php\/wp-json\/wp\/v2\/pages\/837","targetHints":{"allow":["GET"]}}],"collection":[{"href":"https:\/\/appmes.rs\/index.php\/wp-json\/wp\/v2\/pages"}],"about":[{"href":"https:\/\/appmes.rs\/index.php\/wp-json\/wp\/v2\/types\/page"}],"author":[{"embeddable":true,"href":"https:\/\/appmes.rs\/index.php\/wp-json\/wp\/v2\/users\/1"}],"replies":[{"embeddable":true,"href":"https:\/\/appmes.rs\/index.php\/wp-json\/wp\/v2\/comments?post=837"}],"version-history":[{"count":17,"href":"https:\/\/appmes.rs\/index.php\/wp-json\/wp\/v2\/pages\/837\/revisions"}],"predecessor-version":[{"id":864,"href":"https:\/\/appmes.rs\/index.php\/wp-json\/wp\/v2\/pages\/837\/revisions\/864"}],"wp:attachment":[{"href":"https:\/\/appmes.rs\/index.php\/wp-json\/wp\/v2\/media?parent=837"}],"curies":[{"name":"wp","href":"https:\/\/api.w.org\/{rel}","templated":true}]}}