{"id":5459,"date":"2025-02-15T18:15:13","date_gmt":"2025-02-15T18:15:13","guid":{"rendered":"https:\/\/appmes.rs\/?page_id=5459"},"modified":"2025-02-15T18:15:13","modified_gmt":"2025-02-15T18:15:13","slug":"sweden","status":"publish","type":"page","link":"https:\/\/appmes.rs\/index.php\/sweden\/","title":{"rendered":"Sweden"},"content":{"rendered":"\n<figure class=\"wp-block-table has-small-font-size\"><table><tbody><tr><td>Red.br.<br>unosa<\/td><td>Signatura<\/td><td>Naslov plo\u010de<\/td><td>Sadr\u017eaj\/Repertoar<\/td><td>Izvo\u0111a\u010d<\/td><td>Trajanje numere<\/td><td>Izdava\u010d<\/td><td>Zemlja<\/td><td>Godina<\/td><td>Katalo\u0161ki broj<\/td><td>Broj matrice<\/td><td>Mesto<br>snimanja\/studio\/lokacija\/godina<\/td><td>Tip snimka M\/S<\/td><td>Nalepnica (link)<\/td><td>Omot (link)<\/td><td>Prate\u0107i materijal<br>(programska knji\u017eica, itd)<\/td><td>Digitalna kopija<\/td><td>Fizi\u010dko stanje<br>plo\u010de<\/td><td>Ostalo (pe\u010dat, i<br>sl.)<\/td><\/tr><tr><td rowspan=\"40\">5<\/td><td rowspan=\"40\">&nbsp;<\/td><td rowspan=\"40\">Music in Sweden 2.<br>Musik in Schweden 2. Musique en Su<span class=\"font5\">\u00e8de 2. <\/span><span class=\"font0\">Folkmusic.<br>Volksmusik. <br>Musique folklorique<br><\/span><\/td><td>A1. Music from the summer<br>pastures<\/td><td>&nbsp;<\/td><td>&nbsp;<\/td><td rowspan=\"40\">Caprice<\/td><td rowspan=\"40\">\u0160vedska (Kanada)<\/td><td rowspan=\"40\">1977<\/td><td rowspan=\"40\">CAP<br>1123<\/td><td rowspan=\"21\">CAP-1123-A3<\/td><td rowspan=\"40\">&nbsp;<\/td><td rowspan=\"40\">M<\/td><td rowspan=\"21\">slika nalepnice A<br>(bela)<\/td><td rowspan=\"40\">foto + tekst<\/td><td rowspan=\"40\">&nbsp;<\/td><td rowspan=\"40\">&nbsp;<\/td><td rowspan=\"40\">Neo\u0161te\u0107ena<\/td><td rowspan=\"40\">Plo\u010da iz serije<br>realizovane na osnovu Caprice plo\u010da koje je izdao Rikskonserter (Institut za<br>nacionalne koncerte), u saradnji sa \u0160vedskim institutom.<\/td><\/tr><tr><td>A1. a)<br>Herding call<\/td><td>Karin Edvards Johansson<br>Transtrand, Dalarna<\/td><td>02:05<\/td><\/tr><tr><td>A1. b)<br>Herding calls for cows, sheep and goats<\/td><td>Dansar Edvard Jonsson, Malung,<br>Dalarna<\/td><td>00:50<\/td><\/tr><tr><td>A1. c)<br>Herding signal after Frisell, Mockfj\u00e4rd<\/td><td>Pelle Jakobsson, cow horn, Orsa,<br>Dalarna<\/td><td>01:40<\/td><\/tr><tr><td>A1. d)<br>Soldiers march from Leksand<\/td><td>Lars Jobs, spelpipa, Leksand,<br>Dalarna<\/td><td>01:58<\/td><\/tr><tr><td>A2.<br>Cradle songs<\/td><td>&nbsp;<\/td><td>&nbsp;<\/td><\/tr><tr><td>A2. a)<br>Ro, ro till fiskesk\u00e4r and <br>Skatan sitter i p\u00e4rontr\u00e4d<\/td><td>Lena Larsson, song Kung\u00e4lvs<br>Ytterby, Bohusl<span class=\"font5\">\u00e4<\/span><span class=\"font0\">n<\/span><\/td><td>00:55<\/td><\/tr><tr><td>A2. b)<br>Lill Pelle spring kring<\/td><td>Sara P<span class=\"font5\">\u00e5<\/span><span class=\"font0\">lsson, song, H\u00e4ggsj\u00f6vik, J\u00e4mtland<\/span><\/td><td>00:26<\/td><\/tr><tr><td>A2. c)<br>Jag satte mig i min hussarel<span class=\"font5\">\u00e5<\/span><span class=\"font0\">g<\/span><\/td><td>Alice Olsson, song, Svanskog,<br>V\u00e4rmland<\/td><td>01:25<\/td><\/tr><tr><td>A3. The<br>keyed fiddle<\/td><td>&nbsp;<\/td><td>&nbsp;<\/td><\/tr><tr><td>A3. a)<br>Walz after Sadelmakare Kalle<\/td><td>Viktor Vickman and Justus Gille,<br>contra-drone double-keyed fiddle \u00d6sterbybruk, Uppland<\/td><td>01:40<\/td><\/tr><tr><td>A3. b)<br>Polska<\/td><td>Erik Sahlstr\u00f6m, modern chromatic<br>keyed fiddle, Tobo, Uppland<\/td><td>01:50<\/td><\/tr><tr><td>A4. A<br>song of jest and a ballad<\/td><td>&nbsp;<\/td><td>&nbsp;<\/td><\/tr><tr><td>A4. a)<br>Je hade en son <span class=\"font5\">\u00e5<\/span><span class=\"font0\"> han hette Jon<\/span><\/td><td>Martin Martinsson, song Hen\u00e5n,<br>Orust, Bohusl\u00e4n<\/td><td>01:05<\/td><\/tr><tr><td>A4. b)<br>Var har du varit s<span class=\"font5\">\u00e5<\/span><span class=\"font0\"> l\u00e4nge (Den<br>lillas testamente)<\/span><\/td><td>Ester Andersson, song, R\u00e4tan,<br>J\u00e4mtland<\/td><td>02:00<\/td><\/tr><tr><td>A5. The<br>clog-fiddle<\/td><td>&nbsp;<\/td><td>&nbsp;<\/td><\/tr><tr><td>A5. a)<br>Polska after Ola Lans, Sj\u00f6rup<\/td><td>&nbsp;<\/td><td>01:10<\/td><\/tr><tr><td>A5. b)<br>Waltz after Ola Lans, Sj\u00f6rup<\/td><td>Carl-Eric Berndt, clog-fiddle Lund, Sk<span class=\"font5\">\u00e5<\/span><span class=\"font0\">ne<\/span><\/td><td>01:20<\/td><\/tr><tr><td>A6.<br>Religious song<\/td><td>&nbsp;<\/td><td>&nbsp;<\/td><\/tr><tr><td>A6. a)<br>Den signade dag, melody from \u00c4ppelbo, Dalarna<\/td><td>Gustav Tillas, song, Djura,<br>Dalarna<\/td><td>00:50<\/td><\/tr><tr><td>A6. b)<br>Herde, du som f<span class=\"font5\">\u00e5<\/span><span class=\"font0\">ren betar,<br>from <br>New songs of Zion <br><\/span><\/td><td>Konrad and Axel Bj\u00f6rkman, song <span class=\"font5\">\u00d6<\/span><span class=\"font0\">jebyn, Norrbotten<\/span><\/td><td>02:20<\/td><\/tr><tr><td>B1.<br>Fiddlers ensemble <br>Staikstrik<\/td><td>Nordergutarnas folk music<br>orchestra <br>Gotland<\/td><td>01:30<\/td><td rowspan=\"19\">CAP-1123-B3<\/td><td rowspan=\"19\">slika nalepnice B<br>(bela)<\/td><\/tr><tr><td>B2.<br>Polska songs: a) Lill-Nils; b) Hei D<span class=\"font5\">\u00e5<\/span><span class=\"font0\">na-Malin; c) Jungfrun hon satt i r\u00e4nnbacken knak<\/span><\/td><td>Karin Sikstr\u00f6m, song Edsele,<br>\u00c5ngermanland<\/td><td>00:55<\/td><\/tr><tr><td>B3.<br>Fiddling and diddling<\/td><td>&nbsp;<\/td><td>&nbsp;<\/td><\/tr><tr><td>B3. a)<br>Sl\u00e4ngpolska<\/td><td>Axel Sj\u00f6lander, fiddle,<br>Tingsryd, Sm<span class=\"font5\">\u00e5<\/span><span class=\"font0\">land<\/span><\/td><td>01:20<\/td><\/tr><tr><td>B3. b)<br>Sexling, &#8220;engelska&#8221; or &#8220;English dance&#8221;<\/td><td>Helge Anderson, fiddle<br>Svarteborg, Bohusl\u00e4n<\/td><td>01:57<\/td><\/tr><tr><td>B3. c)<br>Polska after Sven Larson, Duvberg<\/td><td>Fritiof Mesch, fiddle, Linsell,<br>H\u00e4rjedalen<\/td><td>01:25<\/td><\/tr><tr><td>B3. d)<br>Lapp Nils-polska after Munter Johan<\/td><td>M<span class=\"font5\">\u00e5<\/span><span class=\"font0\">ns Olsson, diddling, Mattmar, J\u00e4mtland<\/span><\/td><td>01:15<\/td><\/tr><tr><td>B3. e)<br>Liv-Ante&#8217;s polska<\/td><td>Eric <span class=\"font5\">\u00d6<\/span><span class=\"font0\">st and Theodor Olsson, fiddle <br>H\u00e4lsingland<br><\/span><\/td><td>02:30<\/td><\/tr><tr><td>B4.<br>Fiddle music from Dalarna<\/td><td>&nbsp;<\/td><td>&nbsp;<\/td><\/tr><tr><td>B4. a)<br>Polska after Bleck<span class=\"font5\">\u00e5<\/span><span class=\"font0\"> Anders<\/span><\/td><td>G\u00f6ssa Anders Anderson, fiddle<br>Orsa, Dalarna<\/td><td>01:20<\/td><\/tr><tr><td>B4. b)<br>Evertsberg&#8217;s bridal march (Trad. arr.: Cedervall\/St<span class=\"font5\">\u00e5<\/span><span class=\"font0\">hl)<\/span><\/td><td>Kristina St\u00e4hl and Bent<br>Cedervall, fiddle <br><span class=\"font5\">\u00c4<\/span><span class=\"font0\">lvdalen, Dalarna<br><\/span><\/td><td>02:00<\/td><\/tr><tr><td>B4. c)<br>Long-dance melody after Peckos Per<\/td><td>Nils Agenmark, fiddle, Bingsj<span class=\"font5\">\u00f6<\/span><span class=\"font0\">, Dalarna<\/span><\/td><td>02:00<\/td><\/tr><tr><td>B4. d)<br>Gr<span class=\"font5\">\u00e5<\/span><span class=\"font0\">tl<\/span><span class=\"font5\">\u00e5<\/span><span class=\"font0\">ten, polska after Peckos Per<\/span><\/td><td>Nils Agenmark and Dyrsmeds Olof<br>Olsson (P<span class=\"font5\">\u00e5<\/span><span class=\"font0\">l Olle), fiddle<br>Bingsj\u00f6 and R\u00e4ttvik, Dalarna<\/span><\/td><td>01:58<\/td><\/tr><tr><td>B5. Mouth-organ<\/td><td>&nbsp;<\/td><td>&nbsp;<\/td><\/tr><tr><td>B5. a)<br>Lapp Nils-polska<\/td><td>Elias Jonsson, mouth-organ<br><br>Offerdal, J\u00e4mtland<\/td><td>01:10<\/td><\/tr><tr><td>B5. b)<br>Polska<\/td><td>Per Hammarberg, mouth-organ<br><br>N\u00e4lden, J\u00e4mtland<\/td><td>01:00<\/td><\/tr><tr><td>B6.<br>Melodeon<\/td><td>&nbsp;<\/td><td>&nbsp;<\/td><\/tr><tr><td>B6. a)<br>J\u00f6sse&#8217;s polkett<\/td><td>Yngve Anderson, one-row melodeon<\/td><td>01:10<\/td><\/tr><tr><td>B6. b)<br>My grandfather&#8217;s hambo<\/td><td>Yngve Andersson, one-row<br>melodeon <br>Norrk\u00f6ping, <span class=\"font5\">\u00d6<\/span><span class=\"font0\"><span class=\"font0\">sterg\u00f6tland<\/span><\/span>\n<p>&nbsp;<\/p>\n<\/td><td>01:20<\/td><\/tr><tr><td>&nbsp;<\/td><td>&nbsp;<\/td><td>&nbsp;<\/td><td>&nbsp;<\/td><td>&nbsp;<\/td><td>&nbsp;<\/td><td>&nbsp;<\/td><td>&nbsp;<\/td><td>&nbsp;<\/td><td>&nbsp;<\/td><td>&nbsp;<\/td><td>&nbsp;<\/td><td>&nbsp;<\/td><td>&nbsp;<\/td><td>&nbsp;<\/td><td>&nbsp;<\/td><td>&nbsp;<\/td><td>&nbsp;<\/td><td>&nbsp;<\/td><\/tr><\/tbody><\/table><\/figure>\n","protected":false},"excerpt":{"rendered":"<p>Red.br.unosa Signatura Naslov plo\u010de Sadr\u017eaj\/Repertoar Izvo\u0111a\u010d Trajanje numere Izdava\u010d Zemlja Godina Katalo\u0161ki broj Broj matrice Mestosnimanja\/studio\/lokacija\/godina Tip snimka M\/S Nalepnica (link) Omot (link) Prate\u0107i materijal(programska knji\u017eica, itd) Digitalna kopija Fizi\u010dko stanjeplo\u010de Ostalo (pe\u010dat, isl.) 5 &nbsp; Music in Sweden 2.Musik in Schweden 2. Musique en Su\u00e8de 2. Folkmusic.Volksmusik. Musique folklorique A1. Music from the summerpastures [&hellip;]<\/p>\n","protected":false},"author":5,"featured_media":0,"parent":0,"menu_order":0,"comment_status":"closed","ping_status":"closed","template":"","meta":{"ngg_post_thumbnail":0,"footnotes":""},"class_list":["post-5459","page","type-page","status-publish","hentry"],"_links":{"self":[{"href":"https:\/\/appmes.rs\/index.php\/wp-json\/wp\/v2\/pages\/5459","targetHints":{"allow":["GET"]}}],"collection":[{"href":"https:\/\/appmes.rs\/index.php\/wp-json\/wp\/v2\/pages"}],"about":[{"href":"https:\/\/appmes.rs\/index.php\/wp-json\/wp\/v2\/types\/page"}],"author":[{"embeddable":true,"href":"https:\/\/appmes.rs\/index.php\/wp-json\/wp\/v2\/users\/5"}],"replies":[{"embeddable":true,"href":"https:\/\/appmes.rs\/index.php\/wp-json\/wp\/v2\/comments?post=5459"}],"version-history":[{"count":1,"href":"https:\/\/appmes.rs\/index.php\/wp-json\/wp\/v2\/pages\/5459\/revisions"}],"predecessor-version":[{"id":5461,"href":"https:\/\/appmes.rs\/index.php\/wp-json\/wp\/v2\/pages\/5459\/revisions\/5461"}],"wp:attachment":[{"href":"https:\/\/appmes.rs\/index.php\/wp-json\/wp\/v2\/media?parent=5459"}],"curies":[{"name":"wp","href":"https:\/\/api.w.org\/{rel}","templated":true}]}}