{"id":5451,"date":"2025-02-15T18:07:32","date_gmt":"2025-02-15T18:07:32","guid":{"rendered":"https:\/\/appmes.rs\/?page_id=5451"},"modified":"2025-02-15T18:07:32","modified_gmt":"2025-02-15T18:07:32","slug":"senegal-mauritania","status":"publish","type":"page","link":"https:\/\/appmes.rs\/index.php\/senegal-mauritania\/","title":{"rendered":"Senegal \/ Mauritania"},"content":{"rendered":"\n<figure class=\"wp-block-table has-small-font-size\"><table><tbody><tr><td>Red.br.<br>unosa<\/td><td>Signatura<\/td><td>Naslov plo\u010de<\/td><td>Sadr\u017eaj\/Repertoar<\/td><td>Izvo\u0111a\u010d<\/td><td>Trajanje numere<\/td><td>Izdava\u010d<\/td><td>Zemlja<\/td><td>Godina<\/td><td>Katalo\u0161ki<br>broj<\/td><td>Broj matrice<\/td><td>Mesto<br>snimanja\/studio\/lokacija\/godina<\/td><td>Tip snimka M\/S<\/td><td>Nalepnica (link)<\/td><td>Omot (link)<\/td><td>Prate\u0107i materijal<br>(programska knji\u017eica, itd)<\/td><td>Digitalna kopija<\/td><td>Fizi\u010dko stanje<br>plo\u010de<\/td><td>Ostalo (pe\u010dat, i<br>sl.)<\/td><\/tr><tr><td rowspan=\"16\">201<\/td><td rowspan=\"16\">&nbsp;<\/td><td rowspan=\"16\">Musique<br>Maure<\/td><td>A1. Seini kar : chor tnait<\/td><td rowspan=\"16\">Chant<br>par ALI ould EIDE, griot des Kounta du Tagant et MNEINA mint NANA, des<br>Mechdouf du Hodh. Accompagnement de Tidinit et de Ardin<\/td><td>&nbsp;<\/td><td rowspan=\"16\">Institut Fran\u00e7ais D&#8217;Afrique Noire<\/td><td rowspan=\"16\">Francuska<\/td><td rowspan=\"16\">1952<\/td><td rowspan=\"16\">&nbsp;<\/td><td rowspan=\"4\">MH-54-I<\/td><td rowspan=\"16\">&nbsp;<\/td><td rowspan=\"16\">&nbsp;<\/td><td rowspan=\"4\">Slika<br>nalepnice A (krem nalepnica)<\/td><td rowspan=\"16\">Foto +<br>tekst<\/td><td>&nbsp;<\/td><td rowspan=\"16\">&nbsp;<\/td><td rowspan=\"16\">Neo\u0161te\u0107ene<\/td><td rowspan=\"16\">Stara<br>signatura: 571. Ima programsku knji\u017eicu na francuskom jeziku. 2 plo\u010de u<br>jednom omotu. Enregistr<span class=\"font5\">\u00e9 et \u00e9dit\u00e9 par G. Rouget avec le<br>concours du d\u00e9partement d&#8217;ethnologie musicale du Mus\u00e9<\/span><span class=\"font0\">e de l&#8217;Homme.<\/span><\/td><\/tr><tr><td>A2. Faghou<br>tenedjouga : tdanif<\/td><td>&nbsp;<\/td><td>&nbsp;<\/td><\/tr><tr><td>A3. &#8211; &#8211; &#8211; (suite)<\/td><td>&nbsp;<\/td><td>&nbsp;<\/td><\/tr><tr><td>A4. Tehrar<br>faghou : chor cheibani<\/td><td>&nbsp;<\/td><td>&nbsp;<\/td><\/tr><tr><td>B1.<br>Signim lebiadh mondjalla : deiyet deyitein (chor)<\/td><td>&nbsp;<\/td><td rowspan=\"4\">MH-54-II<\/td><td rowspan=\"4\">Slika nalepnice B (krem<br>nalepnica)<\/td><td>&nbsp;<\/td><\/tr><tr><td>B2. Signim<br>lekhal<\/td><td>&nbsp;<\/td><td>&nbsp;<\/td><\/tr><tr><td>B4. Beigi<br>mutekareb<\/td><td>&nbsp;<\/td><td>&nbsp;<\/td><\/tr><tr><td>B4. Beigi<br>mutekareb (suite)<\/td><td>&nbsp;<\/td><td>&nbsp;<\/td><\/tr><tr><td>C1. Kar<br>tzerghif, mekkemoussa<\/td><td>&nbsp;<\/td><td rowspan=\"6\">MH-54-III<\/td><td rowspan=\"6\">Slika nalepnice C (krem<br>nalepnica)<\/td><td>&nbsp;<\/td><\/tr><tr><td>C2. Seini<br>kar : akhebtounne tnait Seddoum<\/td><td>&nbsp;<\/td><td>&nbsp;<\/td><\/tr><tr><td>C3. Seini<br>kar : chor memou jem<\/td><td>&nbsp;<\/td><td>&nbsp;<\/td><\/tr><tr><td>C4. a)<br>Faghou srouzi : array srouza<\/td><td>&nbsp;<\/td><td>&nbsp;<\/td><\/tr><tr><td>C4. b)<br>Faghou srouzi : tehrar seini bambara<\/td><td>&nbsp;<\/td><td>&nbsp;<\/td><\/tr><tr><td>C4. c)<br>Faghou srouzi : chor dhlal<\/td><td>&nbsp;<\/td><td>&nbsp;<\/td><\/tr><tr><td>D1. Signim<br>lekhal: niaoula ghana goufa<\/td><td>&nbsp;<\/td><td rowspan=\"2\">MH-54-4-I<\/td><td rowspan=\"2\">Slika nalepnice D (krem<br>nalepnica)<\/td><td>&nbsp;<\/td><\/tr><tr><td>D2. Signim<br>lebiadh djeinna<\/td><td>&nbsp;<\/td><td>&nbsp;<\/td><\/tr><tr><td>&nbsp;<\/td><td>&nbsp;<\/td><td>&nbsp;<\/td><td>&nbsp;<\/td><td>&nbsp;<\/td><td>&nbsp;<\/td><td>&nbsp;<\/td><td>&nbsp;<\/td><td>&nbsp;<\/td><td>&nbsp;<\/td><td>&nbsp;<\/td><td>&nbsp;<\/td><td>&nbsp;<\/td><td>&nbsp;<\/td><td>&nbsp;<\/td><td>&nbsp;<\/td><td>&nbsp;<\/td><td>&nbsp;<\/td><td>&nbsp;<\/td><\/tr><\/tbody><\/table><\/figure>\n","protected":false},"excerpt":{"rendered":"<p>Red.br.unosa Signatura Naslov plo\u010de Sadr\u017eaj\/Repertoar Izvo\u0111a\u010d Trajanje numere Izdava\u010d Zemlja Godina Katalo\u0161kibroj Broj matrice Mestosnimanja\/studio\/lokacija\/godina Tip snimka M\/S Nalepnica (link) Omot (link) Prate\u0107i materijal(programska knji\u017eica, itd) Digitalna kopija Fizi\u010dko stanjeplo\u010de Ostalo (pe\u010dat, isl.) 201 &nbsp; MusiqueMaure A1. Seini kar : chor tnait Chantpar ALI ould EIDE, griot des Kounta du Tagant et MNEINA mint NANA, [&hellip;]<\/p>\n","protected":false},"author":5,"featured_media":0,"parent":0,"menu_order":0,"comment_status":"closed","ping_status":"closed","template":"","meta":{"ngg_post_thumbnail":0,"footnotes":""},"class_list":["post-5451","page","type-page","status-publish","hentry"],"_links":{"self":[{"href":"https:\/\/appmes.rs\/index.php\/wp-json\/wp\/v2\/pages\/5451","targetHints":{"allow":["GET"]}}],"collection":[{"href":"https:\/\/appmes.rs\/index.php\/wp-json\/wp\/v2\/pages"}],"about":[{"href":"https:\/\/appmes.rs\/index.php\/wp-json\/wp\/v2\/types\/page"}],"author":[{"embeddable":true,"href":"https:\/\/appmes.rs\/index.php\/wp-json\/wp\/v2\/users\/5"}],"replies":[{"embeddable":true,"href":"https:\/\/appmes.rs\/index.php\/wp-json\/wp\/v2\/comments?post=5451"}],"version-history":[{"count":1,"href":"https:\/\/appmes.rs\/index.php\/wp-json\/wp\/v2\/pages\/5451\/revisions"}],"predecessor-version":[{"id":5453,"href":"https:\/\/appmes.rs\/index.php\/wp-json\/wp\/v2\/pages\/5451\/revisions\/5453"}],"wp:attachment":[{"href":"https:\/\/appmes.rs\/index.php\/wp-json\/wp\/v2\/media?parent=5451"}],"curies":[{"name":"wp","href":"https:\/\/api.w.org\/{rel}","templated":true}]}}