{"id":5411,"date":"2025-02-15T17:15:40","date_gmt":"2025-02-15T17:15:40","guid":{"rendered":"https:\/\/appmes.rs\/?page_id=5411"},"modified":"2025-02-15T17:15:40","modified_gmt":"2025-02-15T17:15:40","slug":"israel","status":"publish","type":"page","link":"https:\/\/appmes.rs\/index.php\/israel\/","title":{"rendered":"Israel"},"content":{"rendered":"\n<figure class=\"wp-block-table has-small-font-size\"><table><tbody><tr><td>Red.br.<br>unosa<\/td><td>Signatura<\/td><td>Naslov plo\u010de<\/td><td>Sadr\u017eaj\/Repertoar<\/td><td>Izvo\u0111a\u010d<\/td><td>Trajanje numere<\/td><td>Izdava\u010d<\/td><td>Zemlja<\/td><td>Godina<\/td><td>Katalo\u0161ki broj<\/td><td>Broj matrice<\/td><td>Mesto<br>snimanja\/studio\/lokacija\/godina<\/td><td>Tip snimka M\/S<\/td><td>Nalepnica (link)<\/td><td>Omot (link)<\/td><td>Prate\u0107i materijal (programska<br>knji\u017eica, itd)<\/td><td>Digitalna kopija<\/td><td>Fizi\u010dko stanje<br>plo\u010de<\/td><td>Ostalo (pe\u010dat, i<br>sl.)<\/td><\/tr><tr><td rowspan=\"12\">106<\/td><td rowspan=\"12\">&nbsp;<\/td><td rowspan=\"12\">Music of a People<br>Vocal and Instrumental Songs of Israel<\/td><td>A1. (Songs in The Night) Rad<br>Halayla &#8211; Yiddish, Hebrew and English<\/td><td>&nbsp;<\/td><td>&nbsp;<\/td><td rowspan=\"12\">Diplomat Records<\/td><td rowspan=\"12\">SAD<\/td><td rowspan=\"12\">b.g.<\/td><td rowspan=\"12\">D-2350<\/td><td rowspan=\"5\">D 2350A RS<\/td><td rowspan=\"12\">&nbsp;<\/td><td rowspan=\"12\">&nbsp;<\/td><td rowspan=\"5\">Slika nalepnice A (siva<br>nalepnica)<\/td><td rowspan=\"12\">foto+tekst<\/td><td rowspan=\"12\">&nbsp;<\/td><td rowspan=\"12\">&nbsp;<\/td><td rowspan=\"12\">neo\u0161te\u0107eno<\/td><td rowspan=\"12\">Tekst o izdava\u010du na<br>engleskom jeziku. Nema podataka o izvo\u0111a\u010dima.<\/td><\/tr><tr><td>A2.<br>(Brothers of Israel) Hinei Ma Tov &#8211; Hebrew<\/td><td>&nbsp;<\/td><td>&nbsp;<\/td><\/tr><tr><td>A3.<br>(Road to Israel) Zamar Noded &#8211; Hebrew<\/td><td>&nbsp;<\/td><td>&nbsp;<\/td><\/tr><tr><td>A4.<br>Rozhinkes Mit Madlen &#8211; Yiddish &#8211; (World wide Yiddish lullaby peraining to<br>Israel)<\/td><td>&nbsp;<\/td><td>&nbsp;<\/td><\/tr><tr><td>A5.<br>Hatikvah &#8211; (Israel National Song) &#8211; Hebrew<\/td><td>&nbsp;<\/td><td>&nbsp;<\/td><\/tr><tr><td>A6.<br>(All Sing A Zemerl) Lomir Alle Zingen A Zemerl &#8211; Yiddish<\/td><td>&nbsp;<\/td><td>&nbsp;<\/td><td rowspan=\"7\">D 2350B RS<\/td><td rowspan=\"7\">Slika nalepnice B (siva<br>nalepnica)<\/td><\/tr><tr><td>B1.<br>(Beloved Voice) Kol Dodi &#8211; Hebrew and English<\/td><td>&nbsp;<\/td><td>&nbsp;<\/td><\/tr><tr><td>B2. (On<br>Top of The Oven) Oif&#8217;n Pripitchok &#8211; Yiddish<\/td><td>&nbsp;<\/td><td>&nbsp;<\/td><\/tr><tr><td>B3.<br>(Expensive Money) Dire Gelt &#8211; Yiddish<\/td><td>&nbsp;<\/td><td>&nbsp;<\/td><\/tr><tr><td>B4. Ki<br>Mitziyon &#8211; Hebrew<\/td><td>&nbsp;<\/td><td>&nbsp;<\/td><\/tr><tr><td>B5.<br>Exodus &#8211; English<\/td><td>&nbsp;<\/td><td>&nbsp;<\/td><\/tr><tr><td>B6.<br>Shoshanas Ya\u2019akov &#8211; Hebrew<\/td><td>&nbsp;<\/td><td>&nbsp;<\/td><\/tr><tr><td rowspan=\"12\">297<\/td><td rowspan=\"12\">&nbsp;<\/td><td rowspan=\"12\">Dave Tarras &#8211; Master<br>of the Jewish Clarinet &#8211; Music for the Traditional Jewish Wedding &#8211; With<br>Samuel Beckerman, Irving Graetz<\/td><td>A1. Tsiganeshti<\/td><td>Dave Tarras, klarinet; Samuel<br>Beckerman, harmonika; Irving Graetz, bubanj<\/td><td>03:24<\/td><td rowspan=\"12\">Balkan Arts Center,<br>Inc.<\/td><td rowspan=\"12\">SAD<\/td><td rowspan=\"12\">1979<\/td><td rowspan=\"12\">US 1002<\/td><td rowspan=\"6\">BA-US-1002-A<\/td><td rowspan=\"12\">Skyline Studio (Paul<br>Wickliffe), <span class=\"font5\">New York<\/span><\/td><td rowspan=\"12\">&nbsp;<\/td><td rowspan=\"6\">Slika nalepnice A (bela<br>nalepnica)<\/td><td rowspan=\"12\">foto+tekst<\/td><td rowspan=\"12\">&nbsp;<\/td><td rowspan=\"12\">&nbsp;<\/td><td rowspan=\"12\">Neo\u0161te\u0107ena<\/td><td rowspan=\"12\">Tekst o klecmer muzici,<br>izvo\u0111a\u010du, snimku i izdava\u010du na pole\u0111ini omota, na engleskom jeziku. Autori<br>teksta (osim o izdava\u010du): Walter Zev Feldman, Andrew Statman. &#8220;The<br>recording is an outgrowth of the Jewish Music Project funded by the National<br>Endowment for the Arts a federal agency. The proejct, directed by Walter Zev<br>Feldman and Andrew Statman, was sponsored by Balkan Arts Center.&#8221;<\/td><\/tr><tr><td>A2.<br>Opshpiel far di Makhetonim (A Prelude for the In-Laws)<\/td><td>&nbsp;<\/td><td>04:18<\/td><\/tr><tr><td>A3. Zhok<br>(Street Melody)<\/td><td>&nbsp;<\/td><td>03:03<\/td><\/tr><tr><td>A4.<br>Kaleh-Bazetsn (Seating the Bride)<\/td><td>&nbsp;<\/td><td>01:30<\/td><\/tr><tr><td>A5. Fun<br>der Khupeh (From the Wedding Canopy)<\/td><td>&nbsp;<\/td><td>03:55<\/td><\/tr><tr><td>A6.<br>Doina<\/td><td>&nbsp;<\/td><td>04:35<\/td><\/tr><tr><td>B1. Ba<br>dem Zeiden&#8217;s Tish (At Grandfather&#8217;s Table)<\/td><td>&nbsp;<\/td><td>03:13<\/td><td rowspan=\"6\">BA-US-1002-B<\/td><td rowspan=\"6\">Slika nalepnice B<br>(bela nalepnica)<\/td><\/tr><tr><td>B2. A<br>Pastukhul&#8217;s Kholem (A Shepherd&#8217;s Dream)<\/td><td>&nbsp;<\/td><td>02:50<\/td><\/tr><tr><td>B3.<br>Kishinev<\/td><td>&nbsp;<\/td><td>04:05<\/td><\/tr><tr><td>B4.<br>Sirba<\/td><td>&nbsp;<\/td><td>03:30<\/td><\/tr><tr><td>B5.<br>Honga<\/td><td>&nbsp;<\/td><td>03:00<\/td><\/tr><tr><td>B6.<br>Opfihren di Makhetonim (Accompanying the In-Laws)<\/td><td>&nbsp;<\/td><td>02:57<\/td><\/tr><tr><td>&nbsp;<\/td><td>&nbsp;<\/td><td>&nbsp;<\/td><td>&nbsp;<\/td><td>&nbsp;<\/td><td>&nbsp;<\/td><td>&nbsp;<\/td><td>&nbsp;<\/td><td>&nbsp;<\/td><td>&nbsp;<\/td><td>&nbsp;<\/td><td>&nbsp;<\/td><td>&nbsp;<\/td><td>&nbsp;<\/td><td>&nbsp;<\/td><td>&nbsp;<\/td><td>&nbsp;<\/td><td>&nbsp;<\/td><td>&nbsp;<\/td><\/tr><\/tbody><\/table><\/figure>\n","protected":false},"excerpt":{"rendered":"<p>Red.br.unosa Signatura Naslov plo\u010de Sadr\u017eaj\/Repertoar Izvo\u0111a\u010d Trajanje numere Izdava\u010d Zemlja Godina Katalo\u0161ki broj Broj matrice Mestosnimanja\/studio\/lokacija\/godina Tip snimka M\/S Nalepnica (link) Omot (link) Prate\u0107i materijal (programskaknji\u017eica, itd) Digitalna kopija Fizi\u010dko stanjeplo\u010de Ostalo (pe\u010dat, isl.) 106 &nbsp; Music of a PeopleVocal and Instrumental Songs of Israel A1. (Songs in The Night) RadHalayla &#8211; Yiddish, Hebrew and [&hellip;]<\/p>\n","protected":false},"author":5,"featured_media":0,"parent":0,"menu_order":0,"comment_status":"closed","ping_status":"closed","template":"","meta":{"ngg_post_thumbnail":0,"footnotes":""},"class_list":["post-5411","page","type-page","status-publish","hentry"],"_links":{"self":[{"href":"https:\/\/appmes.rs\/index.php\/wp-json\/wp\/v2\/pages\/5411","targetHints":{"allow":["GET"]}}],"collection":[{"href":"https:\/\/appmes.rs\/index.php\/wp-json\/wp\/v2\/pages"}],"about":[{"href":"https:\/\/appmes.rs\/index.php\/wp-json\/wp\/v2\/types\/page"}],"author":[{"embeddable":true,"href":"https:\/\/appmes.rs\/index.php\/wp-json\/wp\/v2\/users\/5"}],"replies":[{"embeddable":true,"href":"https:\/\/appmes.rs\/index.php\/wp-json\/wp\/v2\/comments?post=5411"}],"version-history":[{"count":1,"href":"https:\/\/appmes.rs\/index.php\/wp-json\/wp\/v2\/pages\/5411\/revisions"}],"predecessor-version":[{"id":5413,"href":"https:\/\/appmes.rs\/index.php\/wp-json\/wp\/v2\/pages\/5411\/revisions\/5413"}],"wp:attachment":[{"href":"https:\/\/appmes.rs\/index.php\/wp-json\/wp\/v2\/media?parent=5411"}],"curies":[{"name":"wp","href":"https:\/\/api.w.org\/{rel}","templated":true}]}}