{"id":5318,"date":"2025-02-14T13:40:02","date_gmt":"2025-02-14T13:40:02","guid":{"rendered":"https:\/\/appmes.rs\/?page_id=5318"},"modified":"2025-09-19T12:40:47","modified_gmt":"2025-09-19T12:40:47","slug":"in-honour-of-prof-milanka-misevic","status":"publish","type":"page","link":"https:\/\/appmes.rs\/index.php\/in-honour-of-prof-milanka-misevic\/","title":{"rendered":"In Honour of Prof. Milanka Mi\u0161evi\u0107"},"content":{"rendered":"\n<p>Musicologist and pianist Ivana Medi\u0107, Head of the project <em>Applied Musicology and Ethnomusicology in Serbia (APPMES), gave a lecture-recital in <\/em>honour of Prof. Milanka Mi\u0161evi\u0107&#8217;s 90th birthday. This lecture-recital is supplemented by the <a href=\"https:\/\/dais.sanu.ac.rs\/handle\/123456789\/17345\" target=\"_blank\" rel=\"noreferrer noopener\">book chapter<\/a> (in Serbian language), where Ivana discussed the history of Prof. Mi\u0161evi\u0107&#8217;s ensemble Piano Workshop, their decades-long collaboration, as well as the implementation of applied musicology and autoethnography on the study of piano performance. <\/p>\n\n\n\n<p>Belgrade, Great Hall of the Kolarac Foundation, 15 December 2024. <\/p>\n\n\n\n<p>Organised in collaboration with the Centre for Music of the Kolarac Foundation. <\/p>\n\n\n\n<hr class=\"wp-block-separator has-alpha-channel-opacity\"\/>\n\n\n\n<p>Programme:<\/p>\n\n\n\n<p>Josip Slavenski: Piano Sonata, Op. 4 (1924) (I. Adagio religioso; II Allegro pastorale) <\/p>\n\n\n\n<p>Jean Sibelius: Piano Sonata in F Major, Op. 12 (1893) (I. Allegro molto; II. Andantino; III. Vivacissimo)<\/p>\n\n\n\n<p>Vasilije Mokranjac: Theme with variations (1947) <\/p>\n\n\n\n<p>Vuk Kulenovi\u0107: Hilandar Bells (1992) <\/p>\n\n\n\n<p>(encore) Dejan Despi\u0107: Nocturno (1950)<\/p>\n\n\n\n<figure class=\"wp-block-embed is-type-video is-provider-youtube wp-block-embed-youtube wp-embed-aspect-16-9 wp-has-aspect-ratio\"><div class=\"wp-block-embed__wrapper\">\n<iframe loading=\"lazy\" title=\"Ivana Medi\u0107 - Koncert u \u010dast 90. ro\u0111endana prof. Milanke Mi\u0161evi\u0107\" width=\"500\" height=\"281\" src=\"https:\/\/www.youtube.com\/embed\/pFX8Q6Z6zLE?feature=oembed\" frameborder=\"0\" allow=\"accelerometer; autoplay; clipboard-write; encrypted-media; gyroscope; picture-in-picture; web-share\" referrerpolicy=\"strict-origin-when-cross-origin\" allowfullscreen><\/iframe>\n<\/div><\/figure>\n","protected":false},"excerpt":{"rendered":"<p>Musicologist and pianist Ivana Medi\u0107, Head of the project Applied Musicology and Ethnomusicology in Serbia (APPMES), gave a lecture-recital in honour of Prof. Milanka Mi\u0161evi\u0107&#8217;s 90th birthday. This lecture-recital is supplemented by the book chapter (in Serbian language), where Ivana discussed the history of Prof. Mi\u0161evi\u0107&#8217;s ensemble Piano Workshop, their decades-long collaboration, as well as [&hellip;]<\/p>\n","protected":false},"author":1,"featured_media":0,"parent":0,"menu_order":0,"comment_status":"closed","ping_status":"closed","template":"","meta":{"ngg_post_thumbnail":0,"footnotes":""},"class_list":["post-5318","page","type-page","status-publish","hentry"],"_links":{"self":[{"href":"https:\/\/appmes.rs\/index.php\/wp-json\/wp\/v2\/pages\/5318","targetHints":{"allow":["GET"]}}],"collection":[{"href":"https:\/\/appmes.rs\/index.php\/wp-json\/wp\/v2\/pages"}],"about":[{"href":"https:\/\/appmes.rs\/index.php\/wp-json\/wp\/v2\/types\/page"}],"author":[{"embeddable":true,"href":"https:\/\/appmes.rs\/index.php\/wp-json\/wp\/v2\/users\/1"}],"replies":[{"embeddable":true,"href":"https:\/\/appmes.rs\/index.php\/wp-json\/wp\/v2\/comments?post=5318"}],"version-history":[{"count":10,"href":"https:\/\/appmes.rs\/index.php\/wp-json\/wp\/v2\/pages\/5318\/revisions"}],"predecessor-version":[{"id":5559,"href":"https:\/\/appmes.rs\/index.php\/wp-json\/wp\/v2\/pages\/5318\/revisions\/5559"}],"wp:attachment":[{"href":"https:\/\/appmes.rs\/index.php\/wp-json\/wp\/v2\/media?parent=5318"}],"curies":[{"name":"wp","href":"https:\/\/api.w.org\/{rel}","templated":true}]}}