{"id":5099,"date":"2025-02-13T15:16:10","date_gmt":"2025-02-13T15:16:10","guid":{"rendered":"https:\/\/appmes.rs\/?page_id=5099"},"modified":"2025-02-15T16:54:35","modified_gmt":"2025-02-15T16:54:35","slug":"france","status":"publish","type":"page","link":"https:\/\/appmes.rs\/index.php\/france\/","title":{"rendered":"France"},"content":{"rendered":"\n<p>&nbsp;<\/p>\n\n\n\n<figure class=\"wp-block-table has-small-font-size\"><table><tbody><tr><td>Red.br.<br>unosa<\/td><td>Signatura<\/td><td>Naslov plo\u010de<\/td><td>Sadr\u017eaj\/Repertoar<\/td><td>Izvo\u0111a\u010d<\/td><td>Trajanje numere<\/td><td>Izdava\u010d<\/td><td>Zemlja<\/td><td>Godina<\/td><td>Katalo\u0161ki broj<\/td><td>Broj matrice<\/td><td>Mesto<br>snimanja\/studio\/lokacija\/godina<\/td><td>Tip snimka M\/S<\/td><td>Nalepnica (link)<\/td><td>Omot (link)<\/td><td>Prate\u0107i materijal<br>(programska knji\u017eica, itd)<\/td><td>Digitalna kopija<\/td><td>Fizi\u010dko stanje<br>plo\u010de<\/td><td>Ostalo (pe\u010dat,<br>i sl.)<\/td><\/tr><tr><td rowspan=\"9\">20<\/td><td rowspan=\"9\">&nbsp;<\/td><td rowspan=\"9\">Musique Celtique Iles<br>H\u00e9brides<\/td><td>A1. Chant pour le foulage du<br>tissu<\/td><td rowspan=\"9\">&nbsp;<\/td><td>05:10<\/td><td rowspan=\"9\">Ocora<\/td><td rowspan=\"9\">Francuska<\/td><td rowspan=\"9\">1968 (?)<\/td><td rowspan=\"9\">OCR 45<\/td><td rowspan=\"6\">OCR45 A B4<\/td><td rowspan=\"9\">&nbsp;<\/td><td rowspan=\"9\">&nbsp;<\/td><td rowspan=\"6\">Slika nalepnice A (plava<br>nalepnica)<\/td><td rowspan=\"9\">foto + tekst<\/td><td rowspan=\"9\">&nbsp;<\/td><td rowspan=\"9\">&nbsp;<\/td><td rowspan=\"9\">Neo\u0161te\u0107ena<\/td><td rowspan=\"9\">Potpis R. Petrovi\u0107 sa<br>unutra\u0161nje strane omota. Direcreur de production, General Editor: Charles<br>Duvelle. R\u00e9alisation: Thorkild Knudsen.<\/td><\/tr><tr><td>A2.<br>Chant avec battements de mains<\/td><td>01:45<\/td><\/tr><tr><td>A3.<br>Danses &#8220;Strathspey&#8221; et &#8220;Reel&#8221;<\/td><td>03:05<\/td><\/tr><tr><td>A4.<br>Complainte d&#8217;Arnheim<\/td><td>03:15<\/td><\/tr><tr><td>A5.<br>Ballade Ossianique<\/td><td>03:05<\/td><\/tr><tr><td>A6.<br>Pibroch chant<span class=\"font5\">\u00e9<\/span><\/td><td>02:30<\/td><\/tr><tr><td>B1.<br>Pibroch<\/td><td>07:50<\/td><td rowspan=\"3\">OCR45 B B4<\/td><td rowspan=\"3\">Slika nalepnice B (plava<br>nalepnica)<\/td><\/tr><tr><td>B2. Vi<span class=\"font5\">\u00e8le<\/span><\/td><td>03:20<\/td><\/tr><tr><td>B3. Le<br>martyre<\/td><td>08:05<\/td><\/tr><tr><td rowspan=\"10\">186<\/td><td rowspan=\"10\">&nbsp;<\/td><td rowspan=\"10\">Polyphonies De<br>Sardaigne<\/td><td>A1. Boghe&#8217;e Notte<\/td><td>Chanteurs de Fonni<\/td><td>06:53<\/td><td rowspan=\"9\">SERDDAV<\/td><td rowspan=\"9\">France?<\/td><td rowspan=\"9\">1981<\/td><td rowspan=\"9\">LDX 74760<\/td><td rowspan=\"4\">LDX 74760 A<\/td><td rowspan=\"9\">Rec. In Sardinia in 1979<br>and 1980 by Bernard Lortat-Jacob<\/td><td rowspan=\"9\">S\/M<\/td><td rowspan=\"4\">Slika nalepnice A (crna<br>nalepnica)<\/td><td rowspan=\"9\">foto+tekst<\/td><td rowspan=\"9\">&nbsp;<\/td><td rowspan=\"9\">&nbsp;<\/td><td rowspan=\"9\">Neo\u0161te\u0107ena<\/td><td rowspan=\"9\">&nbsp;<\/td><\/tr><tr><td>A2. Ballu Torrau, Ballu Sartiu, Ballu&#8217;e Trese<\/td><td>Chanteurs &#8220;Gruppo<br>tenores&#8221; de Fonni<\/td><td>04:15<\/td><\/tr><tr><td>A3. Pasu Torrau<\/td><td>Chanteurs &#8220;Coro di<br>Neoneli&#8221;<\/td><td>02:54<\/td><\/tr><tr><td>A4.<br>Ballu Brincu<\/td><td>Chanteurs et instrumentistes<br>d&#8217;Irgoli<\/td><td>06:20<\/td><\/tr><tr><td>B1.<br>Boghe&#8217;e Notte<\/td><td>Chanteurs &#8220;Coro di<br>Lode&#8221;<\/td><td>04:40<\/td><td rowspan=\"5\">LDX 74760 B<\/td><td rowspan=\"5\">Slika nalepnice B (crna<br>nalepnica)<\/td><\/tr><tr><td>B2.<br>Boghe&#8217;e Notte<\/td><td>Chanteurs d&#8217;Irgoli<\/td><td>04:25<\/td><\/tr><tr><td>B3.<br>Mutos<\/td><td>Chanteurs &#8220;Gruppo<br>tenores&#8221; de Fonni<\/td><td>03:10<\/td><\/tr><tr><td>B4. Gara<br>Poetica<\/td><td>poetes: Salvatore Budroni,<br>Antonio Piredda; choeur: jeunes chanteurs de Desulo<\/td><td>03:08<\/td><\/tr><tr><td>B5.<br>Ballu<\/td><td>Chanteurs &#8220;Coro di<br>Lode&#8221;<\/td><td>01:47<\/td><\/tr><tr><td>B5.<br>Ballu<\/td><td>Chanteurs d&#8217;Orune<\/td><td>&nbsp;<\/td><td>&nbsp;<\/td><td>&nbsp;<\/td><td>&nbsp;<\/td><td>&nbsp;<\/td><td>&nbsp;<\/td><td>&nbsp;<\/td><td>&nbsp;<\/td><td>&nbsp;<\/td><td>&nbsp;<\/td><td>&nbsp;<\/td><td>&nbsp;<\/td><td>&nbsp;<\/td><td>&nbsp;<\/td><\/tr><tr><td>&nbsp;<\/td><td>&nbsp;<\/td><td>&nbsp;<\/td><td>&nbsp;<\/td><td>&nbsp;<\/td><td>&nbsp;<\/td><td>&nbsp;<\/td><td>&nbsp;<\/td><td>&nbsp;<\/td><td>&nbsp;<\/td><td>&nbsp;<\/td><td>&nbsp;<\/td><td>&nbsp;<\/td><td>&nbsp;<\/td><td>&nbsp;<\/td><td>&nbsp;<\/td><td>&nbsp;<\/td><td>&nbsp;<\/td><td>&nbsp;<\/td><\/tr><\/tbody><\/table><\/figure>\n","protected":false},"excerpt":{"rendered":"<p>&nbsp; Red.br.unosa Signatura Naslov plo\u010de Sadr\u017eaj\/Repertoar Izvo\u0111a\u010d Trajanje numere Izdava\u010d Zemlja Godina Katalo\u0161ki broj Broj matrice Mestosnimanja\/studio\/lokacija\/godina Tip snimka M\/S Nalepnica (link) Omot (link) Prate\u0107i materijal(programska knji\u017eica, itd) Digitalna kopija Fizi\u010dko stanjeplo\u010de Ostalo (pe\u010dat,i sl.) 20 &nbsp; Musique Celtique IlesH\u00e9brides A1. Chant pour le foulage dutissu &nbsp; 05:10 Ocora Francuska 1968 (?) OCR 45 OCR45 [&hellip;]<\/p>\n","protected":false},"author":5,"featured_media":0,"parent":0,"menu_order":0,"comment_status":"closed","ping_status":"closed","template":"","meta":{"ngg_post_thumbnail":0,"footnotes":""},"class_list":["post-5099","page","type-page","status-publish","hentry"],"_links":{"self":[{"href":"https:\/\/appmes.rs\/index.php\/wp-json\/wp\/v2\/pages\/5099","targetHints":{"allow":["GET"]}}],"collection":[{"href":"https:\/\/appmes.rs\/index.php\/wp-json\/wp\/v2\/pages"}],"about":[{"href":"https:\/\/appmes.rs\/index.php\/wp-json\/wp\/v2\/types\/page"}],"author":[{"embeddable":true,"href":"https:\/\/appmes.rs\/index.php\/wp-json\/wp\/v2\/users\/5"}],"replies":[{"embeddable":true,"href":"https:\/\/appmes.rs\/index.php\/wp-json\/wp\/v2\/comments?post=5099"}],"version-history":[{"count":4,"href":"https:\/\/appmes.rs\/index.php\/wp-json\/wp\/v2\/pages\/5099\/revisions"}],"predecessor-version":[{"id":5399,"href":"https:\/\/appmes.rs\/index.php\/wp-json\/wp\/v2\/pages\/5099\/revisions\/5399"}],"wp:attachment":[{"href":"https:\/\/appmes.rs\/index.php\/wp-json\/wp\/v2\/media?parent=5099"}],"curies":[{"name":"wp","href":"https:\/\/api.w.org\/{rel}","templated":true}]}}