{"id":5079,"date":"2025-02-13T14:30:01","date_gmt":"2025-02-13T14:30:01","guid":{"rendered":"https:\/\/appmes.rs\/?page_id=5079"},"modified":"2025-02-15T16:45:36","modified_gmt":"2025-02-15T16:45:36","slug":"ethiopia","status":"publish","type":"page","link":"https:\/\/appmes.rs\/index.php\/ethiopia\/","title":{"rendered":"Ethiopia"},"content":{"rendered":"\n<figure class=\"wp-block-table has-small-font-size\"><table><tbody><tr><td>Red.br.<br>unosa<\/td><td>Signatura<\/td><td>Naslov plo\u010de<\/td><td>Sadr\u017eaj\/Repertoar<\/td><td>Izvo\u0111a\u010d<\/td><td>Trajanje numere<\/td><td>Izdava\u010d<\/td><td>Zemlja<\/td><td>Godina<\/td><td>Katalo\u0161ki broj<\/td><td>Broj matrice<\/td><td>Mesto<br>snimanja\/studio\/lokacija\/godina<\/td><td>Tip snimka M\/S<\/td><td>Nalepnica (link)<\/td><td>Omot (link)<\/td><td>Prate\u0107i materijal<br>(programska knji\u017eica, itd)<\/td><td>Digitalna kopija<\/td><td>Fizi\u010dko stanje<br>plo\u010de<\/td><td>Ostalo<br>(programska knji\u017eica, pe\u010dat, i sl.)<\/td><\/tr><tr><td rowspan=\"17\">19<\/td><td rowspan=\"17\">&nbsp;<\/td><td rowspan=\"17\">Musique<br>traditionnelle d&#8217;Ethiopie<\/td><td>A1. La &#8220;Harpe de<br>David&#8221;<\/td><td>Chant d&#8217;homme avec<br>accompagnement de lyre<\/td><td>&nbsp;<\/td><td rowspan=\"17\">Disques Vogue<\/td><td rowspan=\"17\">Francuska<\/td><td rowspan=\"17\">1967<\/td><td rowspan=\"17\">CLVLX &#8211; 164<\/td><td rowspan=\"9\">CLVLX 1640 30A &#8211; CMH<br>67-3<\/td><td rowspan=\"17\">&nbsp;<\/td><td rowspan=\"17\">Stereo\/Mono<\/td><td rowspan=\"9\">Slika nalepnice A (roze<br>nalepnica)<\/td><td rowspan=\"17\">foto + tekst<\/td><td rowspan=\"17\">&nbsp;<\/td><td rowspan=\"17\">&nbsp;<\/td><td rowspan=\"17\">Neo\u0161te\u0107ena<\/td><td rowspan=\"17\">Serie: Collection Du Mus\u00e9e De L&#8217;Homme, Collection<br>Loisirs; Recorded in Ethiopia by Jean L. Jenkins (1964, 1966); Horniman<br>Museum, London Mus\u00e9e de l&#8217;Homme collection published under the direction of<br>G. Rouget. Technical editor : J. Schwarz. Numere se nalaze na omotu, uz<br>plo\u010du slika ma\u010dke koja spava nacrtana grafitnom olovkom.<\/td><\/tr><tr><td>A2. Office Chretien<\/td><td>Eglise chr\u00e9tienne d&#8217;Ethiopie \u00e0 Lalibala<\/td><td>&nbsp;<\/td><\/tr><tr><td>A3. Office du Sabbat<\/td><td>Falacha<\/td><td>&nbsp;<\/td><\/tr><tr><td>A4. Priere quotidienne<\/td><td>Falacha<\/td><td>&nbsp;<\/td><\/tr><tr><td>A5. Chant d&#8217;amour<\/td><td>Adar\u00e9, ville de Harar<\/td><td>&nbsp;<\/td><\/tr><tr><td>A6. Musique de danse<\/td><td>Kounama, Barentou, prov. d&#8217;Erythr\u00e9e<\/td><td>&nbsp;<\/td><\/tr><tr><td>A7. Solo de toum<\/td><td>Anovak, Gamb\u00e9la<\/td><td>&nbsp;<\/td><\/tr><tr><td>A8. Ambassel<\/td><td>Chanson Amharique classique accompagn\u00e9e au masingo<\/td><td>&nbsp;<\/td><\/tr><tr><td>A9. Foukara<\/td><td>Chant de guerre<br>Amharique<\/td><td>&nbsp;<\/td><\/tr><tr><td>B1. Ensemble de flutes<\/td><td>Ghidol\u00e9, prov. de Gamou-Gofa<\/td><td>&nbsp;<\/td><td rowspan=\"8\">CLVLX 1640 30B &#8211; CMH<br>67-4<\/td><td rowspan=\"8\">Slika nalepnice B (roze<br>nalepnica)<\/td><\/tr><tr><td>B2. Chilota<\/td><td>Danse pour Une c\u00e9l\u00e9bration Ghidol\u00e9<\/td><td>&nbsp;<\/td><\/tr><tr><td>B3. Chant de Chamelier<\/td><td>Aoussa (Danakil du nord)<\/td><td>&nbsp;<\/td><\/tr><tr><td>B4. Chant de Circoncision<\/td><td>Adal (Danakil du sud)<\/td><td>&nbsp;<\/td><\/tr><tr><td>B5. Chant pour Plaisanter (<span class=\"font5\">\u00e0 quatre parties)<\/span><\/td><td>Dorz\u00e9, prov. de Gamou-Gofa<\/td><td>&nbsp;<\/td><\/tr><tr><td>B6. Ouachint<\/td><td>Solo de fl\u00fbte, Koullo, prov. de Kaffa<\/td><td>&nbsp;<\/td><\/tr><tr><td>B7. Musique de danse<\/td><td>Qottou, Asba Tafari, prov. de Harar<\/td><td>&nbsp;<\/td><\/tr><tr><td>B8. Chant de travail<\/td><td>borana, prov. de Sidamo<\/td><td>&nbsp;<\/td><\/tr><tr><td rowspan=\"10\">171<\/td><td rowspan=\"10\">&nbsp;<\/td><td rowspan=\"10\">Ethiopia. Vol 2 Music<br>of the Desert Nomads. Jean jenkins<\/td><td>A. The Somali tribes<\/td><td>&nbsp;<\/td><td>&nbsp;<\/td><td rowspan=\"10\">Tangent records, London<\/td><td rowspan=\"10\">UK<\/td><td rowspan=\"10\">1970<\/td><td rowspan=\"10\">TGM 102<\/td><td rowspan=\"8\">TGM 102A1-<span class=\"font5\">\u25ca<\/span><span class=\"font6\"> H<\/span><\/td><td rowspan=\"10\">&nbsp;<\/td><td rowspan=\"10\">M<\/td><td rowspan=\"8\">Slika nalepnice A (\u017euta<br>nalepnica)<\/td><td rowspan=\"10\">foto+tekst<\/td><td rowspan=\"10\">&nbsp;<\/td><td rowspan=\"10\">&nbsp;<\/td><td rowspan=\"10\">neo\u0161te\u0107ena<\/td><td rowspan=\"10\">serija od 3 plo\u010de<br>(vol.2); na pole\u0111ini omota tekst na engleskom, posle svake numere ima<br>obja\u0161njenje,na B strani nema nazna\u010denih numera, ve\u0107 opis na\u010dina pevanja<\/td><\/tr><tr><td>A1.<br>Gadabursi<\/td><td>&nbsp;<\/td><td>&nbsp;<\/td><\/tr><tr><td>A2.<br>&#8220;Miniashakha&#8221;, love song (near Jijiga)<\/td><td>sung by a young Isa girl and her two brothers<\/td><td>&nbsp;<\/td><\/tr><tr><td>A3. The<br>Afar, the work song (near Dalol)<\/td><td>&nbsp;<\/td><td>&nbsp;<\/td><\/tr><tr><td>A4. the<br>Rashaida, a dance<\/td><td>&nbsp;<\/td><td>&nbsp;<\/td><\/tr><tr><td>A5. Afar<\/td><td>&nbsp;<\/td><td>&nbsp;<\/td><\/tr><tr><td>A6.<br>Borana<\/td><td>&nbsp;<\/td><td>&nbsp;<\/td><\/tr><tr><td>A7.<br>Borana<\/td><td>&nbsp;<\/td><td>&nbsp;<\/td><\/tr><tr><td>B. the<br>Gerre tribe<\/td><td>&nbsp;<\/td><td>&nbsp;<\/td><td rowspan=\"2\">TGM 102B1-\u25ca H<\/td><td rowspan=\"2\">Slika nalepnice B (\u017euta<br>nalepnica)<\/td><\/tr><tr><td>B.<br>(Religionus singing)<\/td><td>&nbsp;<\/td><td>&nbsp;<\/td><\/tr><tr><td rowspan=\"14\">187<\/td><td rowspan=\"14\">&nbsp;<\/td><td rowspan=\"14\">Ethiopia. Vol 3 Music<br>of the Eritrea. Jean Jenkins<\/td><td>A1. i A2. The Rashaida tribe<\/td><td>&nbsp;<\/td><td>&nbsp;<\/td><td rowspan=\"14\">Tangent records, London<\/td><td rowspan=\"14\">UK<\/td><td rowspan=\"14\">1970<\/td><td rowspan=\"14\">TGM 103<\/td><td rowspan=\"7\">TGM 103A1-<span class=\"font5\">\u25ca<\/span><span class=\"font6\"> H<\/span><\/td><td rowspan=\"14\">&nbsp;<\/td><td rowspan=\"14\">M<\/td><td rowspan=\"10\">Slika nalepnice A (\u017euta<br>nalepnica)<\/td><td rowspan=\"14\">foto+tekst<\/td><td rowspan=\"14\">&nbsp;<\/td><td rowspan=\"14\">&nbsp;<\/td><td rowspan=\"14\">neo\u0161te\u0107ena<\/td><td rowspan=\"14\">serija od 3 plo\u010de<br>(vol.3); na pole\u0111ini omota tekst na engleskom, posle svake numere ima<br>obja\u0161njenje,na B strani nema nazna\u010denih numera, ve\u0107 opis na\u010dina pevanja;<\/td><\/tr><tr><td>A3. Beni-Amer<\/td><td>&nbsp;<\/td><td>&nbsp;<\/td><\/tr><tr><td>A4. Baria<\/td><td>&nbsp;<\/td><td>&nbsp;<\/td><\/tr><tr><td>A5. Afar<\/td><td>&nbsp;<\/td><td>&nbsp;<\/td><\/tr><tr><td>A6. The<br>people of Serae<\/td><td>&nbsp;<\/td><td>&nbsp;<\/td><\/tr><tr><td>A7. church service in the Ethiopia Christan<br>Ortodox Church<\/td><td>&nbsp;<\/td><td>&nbsp;<\/td><\/tr><tr><td>A8. church service<\/td><td>&nbsp;<\/td><td>&nbsp;<\/td><\/tr><tr><td>B1.<br>Assaorta<\/td><td>&nbsp;<\/td><td>&nbsp;<\/td><td rowspan=\"7\">TGM 103B1-\u25ca H<\/td><\/tr><tr><td>B2.<br>Kunama<\/td><td>&nbsp;<\/td><td>&nbsp;<\/td><\/tr><tr><td>B3. Zar<br>ceremony<\/td><td>&nbsp;<\/td><td>&nbsp;<\/td><\/tr><tr><td>B4.<br>Bilen<\/td><td>&nbsp;<\/td><td>&nbsp;<\/td><td rowspan=\"4\">Slika nalepnice B (\u017euta<br>nalepnica)<\/td><\/tr><tr><td>B5. folk<br>ballad of Negusse<\/td><td>&nbsp;<\/td><td>&nbsp;<\/td><\/tr><tr><td>B6.<br>Kunama dance<\/td><td>&nbsp;<\/td><td>&nbsp;<\/td><\/tr><tr><td>B7.<br>Sings to a cow<\/td><td>&nbsp;<\/td><td>&nbsp;<\/td><\/tr><tr><td rowspan=\"12\">197<\/td><td rowspan=\"12\">&nbsp;<\/td><td rowspan=\"12\">Ethiopia. Vol 1 Music<br>of the Central Highlands. Jean Jenkins<\/td><td>A1. Part of the Mass (Qeddase)<\/td><td>sung<\/td><td>&nbsp;<\/td><td rowspan=\"12\">Tangent records, London<\/td><td rowspan=\"12\">UK<\/td><td rowspan=\"12\">1970<\/td><td rowspan=\"12\">TGM 101<\/td><td rowspan=\"5\">TGM 101A1-<span class=\"font5\">\u25ca<\/span><span class=\"font6\"> H<\/span><\/td><td rowspan=\"12\">&nbsp;<\/td><td rowspan=\"12\">M<\/td><td rowspan=\"8\">Slika nalepnice A (\u017euta<br>nalepnica)<\/td><td rowspan=\"12\">foto+tekst<\/td><td rowspan=\"12\">&nbsp;<\/td><td rowspan=\"12\">&nbsp;<\/td><td rowspan=\"12\">neo\u0161te\u0107ena<\/td><td rowspan=\"12\">serija od 3 plo\u010de<br>(vol.1); na pole\u0111ini omota tekst na engleskom, posle svake numere ima<br>obja\u0161njenje,na B strani nema nazna\u010denih numera, ve\u0107 opis na\u010dina pevanja;<\/td><\/tr><tr><td>A2. The<br>music of the Ethiopia Church<\/td><td>&nbsp;<\/td><td>&nbsp;<\/td><\/tr><tr><td>A3.<br>Ethiopian funerals<\/td><td>wailer or alqash<\/td><td>&nbsp;<\/td><\/tr><tr><td>A4. The<br>Judaic Falasha using Ge&#8217;ez<\/td><td>sung, drum<\/td><td>&nbsp;<\/td><\/tr><tr><td>A5.<br>Ethipian Bagana<\/td><td>bagana instrument<\/td><td>&nbsp;<\/td><\/tr><tr><td>B1.<br>&#8220;wax and gold&#8221; music<\/td><td>player with one-stringed fiddle masenqo<\/td><td>&nbsp;<\/td><td rowspan=\"7\">TGM 101B1-\u25ca H<\/td><\/tr><tr><td>B2.<br>Washint<\/td><td>washint instrument<\/td><td>&nbsp;<\/td><\/tr><tr><td>B3. The<br>&#8220;skista&#8221;, dance at weedding<\/td><td>singing and dancing with accompaniment of the embilta<\/td><td>&nbsp;<\/td><\/tr><tr><td>B4.<br>Kerar<\/td><td>kerar instrument<\/td><td>&nbsp;<\/td><td rowspan=\"4\">Slika nalepnice B (\u017euta<br>nalepnica)<\/td><\/tr><tr><td>B5. Thu<br>Gurage, dance<\/td><td>&nbsp;<\/td><td>&nbsp;<\/td><\/tr><tr><td>B6.<br>&#8220;Incitement-into-battle&#8221; songs<\/td><td>&nbsp;<\/td><td>&nbsp;<\/td><\/tr><tr><td>B7. A<br>great geathering in Adi Ugri;<\/td><td>&nbsp;<\/td><td>&nbsp;<\/td><\/tr><tr><td rowspan=\"14\">202<\/td><td rowspan=\"14\">&nbsp;<\/td><td rowspan=\"14\">Ethiopie polyphonies<br>et techniques vocales<\/td><td>A1. Canon &#8211; Dorze<\/td><td rowspan=\"14\">&nbsp;<\/td><td>03:30<\/td><td rowspan=\"14\">Disques Ocora<\/td><td rowspan=\"14\">Francuska<\/td><td rowspan=\"14\">1968<\/td><td rowspan=\"14\">&nbsp;<\/td><td rowspan=\"7\">OCR 44 A2<\/td><td rowspan=\"14\">&nbsp;<\/td><td rowspan=\"14\">&nbsp;<\/td><td rowspan=\"7\">Slika nalepnice A (plava<br>nalepnica)<\/td><td rowspan=\"14\">foto + tekst<\/td><td rowspan=\"14\">Ima knji\u017eicu, tekst na<br>francuskom i engleskom jeziku.<\/td><td rowspan=\"14\">&nbsp;<\/td><td rowspan=\"14\">Neo\u0161te\u0107ena<\/td><td rowspan=\"14\">Na prvoj strani<br>knji\u017eice pe\u010dat Dimitrije Stefanovi\u0107, kao i posveta &#8220;Poklon Dimitriju od<br>Jean Jenkins III 1972.&#8221; Enregistrements sonores et photographies : Jean<br>Jenkins (Horniman museum).<\/td><\/tr><tr><td>A2. Diaphonie &#8211;<br>Rashaida<\/td><td>03:32<\/td><\/tr><tr><td>A3. Duo &#8211; Ghimira<\/td><td>01:50<\/td><\/tr><tr><td>A4. Duo &#8211; Gidole<\/td><td>00:58<\/td><\/tr><tr><td>A5. Polyphonie &#8211;<br>Ghimira<\/td><td>03:28<\/td><\/tr><tr><td>A6. Polyphonie &#8211;<br>Maji<\/td><td>03:02<\/td><\/tr><tr><td>A7. Duo &#8211; Aderi<\/td><td>01:58<\/td><\/tr><tr><td>B1. Ch\u0153ur d&#8217;hommes<br>&#8211; Sidamo<\/td><td>01:40<\/td><td rowspan=\"7\">OCR 44 B C1<\/td><td rowspan=\"7\">Slika nalepnice B (plava<br>nalepnica)<\/td><\/tr><tr><td>B2. Ensemble &#8211; Maji<\/td><td>01:25<\/td><\/tr><tr><td>B3. Ch\u0153ur d&#8217;hommes<br>&#8211; Guji<\/td><td>03:30<\/td><\/tr><tr><td>B4. R\u00e9citatif &#8211;<br>Tigre<\/td><td>02:00<\/td><\/tr><tr><td>B5. Ch\u0153ur Des<br>Jeunes Filles &#8211; Galla<\/td><td>03:00<\/td><\/tr><tr><td>B6. Ch\u0153ur d&#8217;hommes<br>&#8211; Maji<\/td><td>02:40<\/td><\/tr><tr><td>B7. Ensemble &#8211;<br>Tigre<\/td><td>03:40<\/td><\/tr><tr><td rowspan=\"5\">203<\/td><td rowspan=\"5\">&nbsp;<\/td><td rowspan=\"5\">Ethiopie 1 &amp; 2 :<br>Liturgie de l&#8217;Eglise Chr<span class=\"font5\">\u00e9tienne Orthodoxe Ethiopienne<\/span><\/td><td>A1. Pre-Anaphora (Preparatory Service)<\/td><td rowspan=\"5\">&nbsp;<\/td><td>0:24:10<\/td><td rowspan=\"5\">Ocora<\/td><td rowspan=\"5\">Francuska<\/td><td rowspan=\"5\">1980<\/td><td rowspan=\"5\">&nbsp;<\/td><td>558558 A T1+<span style=\"display: none;\"> MPO<\/span><\/td><td rowspan=\"5\">&nbsp;<\/td><td rowspan=\"5\">&nbsp;<\/td><td>Slika nalepnice A (siva nalepnica)<\/td><td rowspan=\"5\">foto + tekst<\/td><td rowspan=\"5\">Ima knji\u017eicu na<br>francuskom jeziku.<\/td><td rowspan=\"5\">&nbsp;<\/td><td rowspan=\"5\">Neo\u0161te\u0107ena<\/td><td rowspan=\"5\">Dve plo\u010de u jednom<br>omotu. Potpis hemijskom olovkom &#8220;R. Petrovi\u0107&#8221;. Enregistrements:<br>Jean Jenkins.<\/td><\/tr><tr><td>B1. Pre-Anaphora<br>(Preparatory Service)<\/td><td>23:15<\/td><td>558558 B T1+<span style=\"display: none;\"> MPO<\/span><\/td><td>Slika nalepnice B (siva nalepnica)<\/td><\/tr><tr><td>C1. a) Pre-Anaphora<br>(Suite)<\/td><td rowspan=\"2\">21:00<\/td><td rowspan=\"2\">558559 A T1 + MPO<\/td><td rowspan=\"2\">Slika nalepnice A (siva<br>nalepnica)<\/td><\/tr><tr><td>C1. b) The Anaphora<br>Of St. Gregory II<\/td><\/tr><tr><td>D1. The Anaphora Of<br>St. Gregory II (suite)<\/td><td>17:45<\/td><td>558559 B T1+<span style=\"display: none;\"> MPO<\/span><\/td><td>Slika nalepnice B (plava<br>nalepnica)<\/td><\/tr><tr><td>&nbsp;<\/td><td>&nbsp;<\/td><td>&nbsp;<\/td><td>&nbsp;<\/td><td>&nbsp;<\/td><td>&nbsp;<\/td><td>&nbsp;<\/td><td>&nbsp;<\/td><td>&nbsp;<\/td><td>&nbsp;<\/td><td>&nbsp;<\/td><td>&nbsp;<\/td><td>&nbsp;<\/td><td>&nbsp;<\/td><td>&nbsp;<\/td><td>&nbsp;<\/td><td>&nbsp;<\/td><td>&nbsp;<\/td><td>&nbsp;<\/td><\/tr><\/tbody><\/table><\/figure>\n","protected":false},"excerpt":{"rendered":"<p>Red.br.unosa Signatura Naslov plo\u010de Sadr\u017eaj\/Repertoar Izvo\u0111a\u010d Trajanje numere Izdava\u010d Zemlja Godina Katalo\u0161ki broj Broj matrice Mestosnimanja\/studio\/lokacija\/godina Tip snimka M\/S Nalepnica (link) Omot (link) Prate\u0107i materijal(programska knji\u017eica, itd) Digitalna kopija Fizi\u010dko stanjeplo\u010de Ostalo(programska knji\u017eica, pe\u010dat, i sl.) 19 &nbsp; Musiquetraditionnelle d&#8217;Ethiopie A1. La &#8220;Harpe deDavid&#8221; Chant d&#8217;homme avecaccompagnement de lyre &nbsp; Disques Vogue Francuska 1967 CLVLX [&hellip;]<\/p>\n","protected":false},"author":5,"featured_media":0,"parent":0,"menu_order":0,"comment_status":"closed","ping_status":"closed","template":"","meta":{"ngg_post_thumbnail":0,"footnotes":""},"class_list":["post-5079","page","type-page","status-publish","hentry"],"_links":{"self":[{"href":"https:\/\/appmes.rs\/index.php\/wp-json\/wp\/v2\/pages\/5079","targetHints":{"allow":["GET"]}}],"collection":[{"href":"https:\/\/appmes.rs\/index.php\/wp-json\/wp\/v2\/pages"}],"about":[{"href":"https:\/\/appmes.rs\/index.php\/wp-json\/wp\/v2\/types\/page"}],"author":[{"embeddable":true,"href":"https:\/\/appmes.rs\/index.php\/wp-json\/wp\/v2\/users\/5"}],"replies":[{"embeddable":true,"href":"https:\/\/appmes.rs\/index.php\/wp-json\/wp\/v2\/comments?post=5079"}],"version-history":[{"count":8,"href":"https:\/\/appmes.rs\/index.php\/wp-json\/wp\/v2\/pages\/5079\/revisions"}],"predecessor-version":[{"id":5395,"href":"https:\/\/appmes.rs\/index.php\/wp-json\/wp\/v2\/pages\/5079\/revisions\/5395"}],"wp:attachment":[{"href":"https:\/\/appmes.rs\/index.php\/wp-json\/wp\/v2\/media?parent=5079"}],"curies":[{"name":"wp","href":"https:\/\/api.w.org\/{rel}","templated":true}]}}