{"id":4341,"date":"2025-02-10T16:30:08","date_gmt":"2025-02-10T16:30:08","guid":{"rendered":"https:\/\/appmes.rs\/?page_id=4341"},"modified":"2025-02-14T12:41:08","modified_gmt":"2025-02-14T12:41:08","slug":"pano-5-1-1","status":"publish","type":"page","link":"https:\/\/appmes.rs\/index.php\/pano-5-1-1\/","title":{"rendered":"BEOGRADSKA OPERA U KAIRU"},"content":{"rendered":"\n<h3 class=\"wp-block-heading has-luminous-vivid-amber-background-color has-background\"><strong>BEOGRADSKA OPERA U KAIRU<\/strong><\/h3>\n\n\n\nngg_shortcode_0_placeholder\n\n\n\n<p>Legenda dokumenata:<\/p>\n\n\n\n<p>1. Izve\u0161taj o gostovanju Opere Narodnog pozori\u0161ta u Beogradu, u Kairu 1961. godine. (AJ-559-128-274)<br>2. Pregled gostovanja Opere Narodnog pozori\u0161ta u Kairu i predlog da Opera nastupi povodom proslave hiljadugodi\u0161njice grada Kaira. (AJ-559-131-279)<br>3. Arhiv Jugoslavije, Fond Tanjug, zbirka fotografija, br. filma 08733. Gostovanje Beogradske opere i Baleta u UAR. Kairo, 1961. Reporter: \u017d. Vu\u010di\u0107.<\/p>\n\n\n\n<ol class=\"wp-block-list\">\n<li>Simfonijski orkestar Kaira poja\u010dan \u010dlanovima orkestra Opere Narodnog pozori\u0161ta i dirigent Oskar Danon.<\/li>\n\n\n\n<li>Posle izvo\u0111enja opere <em>Knez Igor<\/em>, sleva nadesno: solistkinja Opere Melanija Bugarinovi\u0107, dirigent Oskar Danon, solisti Opere Drago Starc i Miroslav \u010cangalovi\u0107.<\/li>\n\n\n\n<li>Posle izvo\u0111enja opere <em>Knez Igor<\/em>, u prvom redu: baletski ansambl, iza njega operski solisti.<\/li>\n\n\n\n<li>Gledali\u0161e Kairske opere tokom baletske ve\u010deri Opere Narodnog pozori\u0161ta.<\/li>\n\n\n\n<li>Dolazak predsednika Egipta Gamala Abdela Nasera na baletsko ve\u010de Opere Narodnog pozori\u0161ta<\/li>\n\n\n\n<li>Publika<\/li>\n\n\n\n<li>Mu\u0161ki deo hora tokom izvo\u0111enja opere <em>Knez Igor<\/em>.<\/li>\n\n\n\n<li>Posle izvo\u0111enja opere <em>Don Kihot<\/em>, sleva nadesno: Latko Koro\u0161ec, Milica Miladinovi\u0107, Oskar Danon, reditelj Mladen Sablji\u0107, Miroslav \u010cangalovi\u0107.<\/li>\n<\/ol>\n\n\n\n<p><\/p>\n","protected":false},"excerpt":{"rendered":"<p>BEOGRADSKA OPERA U KAIRU Legenda dokumenata: 1. Izve\u0161taj o gostovanju Opere Narodnog pozori\u0161ta u Beogradu, u Kairu 1961. godine. (AJ-559-128-274)2. Pregled gostovanja Opere Narodnog pozori\u0161ta u Kairu i predlog da Opera nastupi povodom proslave hiljadugodi\u0161njice grada Kaira. (AJ-559-131-279)3. Arhiv Jugoslavije, Fond Tanjug, zbirka fotografija, br. filma 08733. Gostovanje Beogradske opere i Baleta u UAR. Kairo, [&hellip;]<\/p>\n","protected":false},"author":6,"featured_media":0,"parent":0,"menu_order":0,"comment_status":"closed","ping_status":"closed","template":"","meta":{"ngg_post_thumbnail":0,"footnotes":""},"class_list":["post-4341","page","type-page","status-publish","hentry"],"_links":{"self":[{"href":"https:\/\/appmes.rs\/index.php\/wp-json\/wp\/v2\/pages\/4341","targetHints":{"allow":["GET"]}}],"collection":[{"href":"https:\/\/appmes.rs\/index.php\/wp-json\/wp\/v2\/pages"}],"about":[{"href":"https:\/\/appmes.rs\/index.php\/wp-json\/wp\/v2\/types\/page"}],"author":[{"embeddable":true,"href":"https:\/\/appmes.rs\/index.php\/wp-json\/wp\/v2\/users\/6"}],"replies":[{"embeddable":true,"href":"https:\/\/appmes.rs\/index.php\/wp-json\/wp\/v2\/comments?post=4341"}],"version-history":[{"count":6,"href":"https:\/\/appmes.rs\/index.php\/wp-json\/wp\/v2\/pages\/4341\/revisions"}],"predecessor-version":[{"id":5294,"href":"https:\/\/appmes.rs\/index.php\/wp-json\/wp\/v2\/pages\/4341\/revisions\/5294"}],"wp:attachment":[{"href":"https:\/\/appmes.rs\/index.php\/wp-json\/wp\/v2\/media?parent=4341"}],"curies":[{"name":"wp","href":"https:\/\/api.w.org\/{rel}","templated":true}]}}