{"id":4323,"date":"2025-02-10T16:25:13","date_gmt":"2025-02-10T16:25:13","guid":{"rendered":"https:\/\/appmes.rs\/?page_id=4323"},"modified":"2025-02-14T12:35:38","modified_gmt":"2025-02-14T12:35:38","slug":"pano-4-1-1","status":"publish","type":"page","link":"https:\/\/appmes.rs\/index.php\/pano-4-1-1\/","title":{"rendered":"SEVERNOAMERI\u010cKE TURNEJE"},"content":{"rendered":"\n<h3 class=\"wp-block-heading has-luminous-vivid-amber-background-color has-background\">SEVERNOAEMRI\u010cKE TURNEJE<\/h3>\n\n\n\n<p><strong>Uprkos \u010dinjenici da je FNRJ probila blokadu zemalja Informbiroa sklapanjem niza trgovinskih sporazuma sa SAD-om, te da je u periodu od 1950. do 1952. godine bila na ivici da pristupi NATO paktu, udaljenost ameri\u010dkog kontinenta i visoki tro\u0161kovi prekookeanskih putovanja bili su razlog \u0161to ovaj segment spoljne politike nije bio zastupljen u ranim akcijama muzi\u010dke diplomatije okrenute Zapadu. Me\u0111utim, po\u0161to su pojedini jugoslovenski umetnici i ansambli brzo sticali me\u0111unarodni reputaciju, ve\u0107 polovinom pedesetih godina stekli su se uslovi za realizovanje njihovih komercijalnih turneja. Nezaobilaznu ulogu u njihovom organizovanju i sprovo\u0111enju imali su inostrani menad\u017eeri. Umetnici su tokom turneja \u010destp dobijali podr\u0161ku jugoslovenskih diplomatskih predstavni\u0161tava i Jugoslovenskog informacionog centra u Njijorku, kao i same Komisije za kulturne veze sa inostranstvom.<\/strong><\/p>\n\n\n\nngg_shortcode_0_placeholder\n\n\n\n<p>Legenda dokumenata:<\/p>\n\n\n\n<p>1. Severnoameri\u010dka turneja Ansambla <em>Kolo<\/em>, 1956. godine. Itinerer puta. (Arhiva Ansambla <em>Kolo<\/em>)<br> 2. Spor <em>Kola<\/em> i <em>Turist-ekspresa<\/em>, izve\u0161taj direktorke Kola Olge Skovran o turneji ansambla po SAD i Kanadi, Beograd, 7. 1. 1957; (AJ-559-125-266)<br> 3. \u201e\u010cetni\u010dki pozivi Kolu kao celini da imigrira u Kanadu samo su doveli do ve\u0107e monolitnosti kolektiva i prezira prema bednom gestu \u010detnika\u201d. Ambasada FNRJ u Otavi \u2013 Komisiji za kulturne veze sa inostranstvom, izve\u0161taj o turneji Ansambla <em>Kolo<\/em> u Kanadi. Otava, 7. 11. 1956. (AJ 559-109-241)<br> 4. Sol Hjurok sa igra\u010dicama Ansambla <em>Kolo<\/em>. (Arhiva Ansambla <em>Kolo<\/em>)<br> 5. Publika ispred Karnegi hola pred koncert Ansambla <em>Kolo<\/em>, 1956. (Arhiva Ansambla <em>Kolo<\/em>)<br> 6. Letak <em>Croatian national Folclore<\/em>, koji je ameri\u010dkoj publici delila usta\u0161ka emigracija prilikom turneje<em> Lada<\/em> po SAD-u, 1967. godine. (AJ-559-126-267)<\/p>\n\n\n\nngg_shortcode_1_placeholder\n\n\n\n<p>Legenda dokumenata:<\/p>\n\n\n\n<p>1. Program koncerta Miroslava \u010cangalovi\u0107a, uz klavirsku pratnju Bo\u017eidara Kunca i u\u010de\u0161\u0107e Ruskog crkvenog hora. Karnegi hol, 21. 10. 1956. (Arhiva porodice \u010cangalovi\u0107)<br> 2. Izvje\u0161taj o gostovanju Zagreba\u010dke filharmonije na Muzi\u010dkom festivalu <em>Templ<\/em> u Filadelfiji (s prilogom: <em>Hrebert Barrett announces the First American Tour Fall 1970 \u2013 Zagreb Philarmonic Orchestra, Milan Horvat, Music Director<\/em>, najavni prospekt ameri\u010dke turneje Zagreba\u010dke filharmonije u jesen 1970). Zagreb, 20. 10. 1969. (AJ-559-120-255)<br> 3. <em>Hrebert Barrett announces the First American Tour Fall 1970 \u2013 Zagreb Philarmonic Orchestra, Milan Horvat, Music Director<\/em>, najavni prospekt ameri\u010dke turneje Zagreba\u010dke filharmonije u jesen 1970. Zagreb, 20. 10. 1969. (AJ-559-120-255)<\/p>\n","protected":false},"excerpt":{"rendered":"<p>SEVERNOAEMRI\u010cKE TURNEJE Uprkos \u010dinjenici da je FNRJ probila blokadu zemalja Informbiroa sklapanjem niza trgovinskih sporazuma sa SAD-om, te da je u periodu od 1950. do 1952. godine bila na ivici da pristupi NATO paktu, udaljenost ameri\u010dkog kontinenta i visoki tro\u0161kovi prekookeanskih putovanja bili su razlog \u0161to ovaj segment spoljne politike nije bio zastupljen u ranim [&hellip;]<\/p>\n","protected":false},"author":6,"featured_media":0,"parent":0,"menu_order":0,"comment_status":"closed","ping_status":"closed","template":"","meta":{"ngg_post_thumbnail":0,"footnotes":""},"class_list":["post-4323","page","type-page","status-publish","hentry"],"_links":{"self":[{"href":"https:\/\/appmes.rs\/index.php\/wp-json\/wp\/v2\/pages\/4323","targetHints":{"allow":["GET"]}}],"collection":[{"href":"https:\/\/appmes.rs\/index.php\/wp-json\/wp\/v2\/pages"}],"about":[{"href":"https:\/\/appmes.rs\/index.php\/wp-json\/wp\/v2\/types\/page"}],"author":[{"embeddable":true,"href":"https:\/\/appmes.rs\/index.php\/wp-json\/wp\/v2\/users\/6"}],"replies":[{"embeddable":true,"href":"https:\/\/appmes.rs\/index.php\/wp-json\/wp\/v2\/comments?post=4323"}],"version-history":[{"count":9,"href":"https:\/\/appmes.rs\/index.php\/wp-json\/wp\/v2\/pages\/4323\/revisions"}],"predecessor-version":[{"id":5289,"href":"https:\/\/appmes.rs\/index.php\/wp-json\/wp\/v2\/pages\/4323\/revisions\/5289"}],"wp:attachment":[{"href":"https:\/\/appmes.rs\/index.php\/wp-json\/wp\/v2\/media?parent=4323"}],"curies":[{"name":"wp","href":"https:\/\/api.w.org\/{rel}","templated":true}]}}